{"id":19550,"date":"2024-03-10T12:45:13","date_gmt":"2024-03-10T11:45:13","guid":{"rendered":"https:\/\/www.promotio.sk\/shop\/nezaraden\u00e9\/star\/"},"modified":"2024-03-10T13:04:53","modified_gmt":"2024-03-10T12:04:53","slug":"star","status":"publish","type":"product","link":"https:\/\/www.promotio.sk\/cs\/shop\/pol_s\/shorts-sleeve\/star\/","title":{"rendered":"HV\u011aZDA"},"content":{"rendered":"<p>P\u00e1nsk\u00e9 polo tri\u010dko s kr\u00e1tk\u00fdm ruk\u00e1vem. Zes\u00edlen\u00e9 kryt\u00e9 \u0161vy ve vnit\u0159n\u00edm l\u00edmci. 1\u00d71 \u017eebrovan\u00e9 man\u017eety a l\u00edmec. Bo\u010dn\u00ed \u0161vy. Zap\u00edn\u00e1n\u00ed na 3 knofl\u00edky a bo\u010dn\u00ed rozparky.<br \/>Slo\u017een\u00ed: 100% bavlna, pik\u00e9, 200 g\/m2.<br \/>\nHeather \u0161ed\u00e1 58: 85% bavlna, \/ 15% visk\u00f3za.<br \/>Pozn\u00e1mky: *Voliteln\u00e1 kapsa.<br \/>\n* Odn\u00edmateln\u00fd \u0161t\u00edtek.<br \/>\n*Koncept dua.<br \/>\n*K dispozici d\u011btsk\u00e9 velikosti.<br \/><img decoding=\"async\" src=\"https:\/\/static.gorfactory.es\/pics\/measures\/PO_MC_HO.jpg\"><\/p>","protected":false},"excerpt":{"rendered":"<p>Short-sleeve polo shirt for men. Reinforced covered seams in interior collar. 1&#215;1 ribbed cuffs and collar. Side seams. 3-button placket<\/p>","protected":false},"featured_media":19553,"comment_status":"open","ping_status":"closed","template":"","meta":[],"product_cat":[434,435],"product_tag":[],"class_list":{"0":"post-19550","1":"product","2":"type-product","3":"status-publish","4":"has-post-thumbnail","6":"product_cat-pol_s","7":"product_cat-shorts-sleeve","9":"first","10":"instock","11":"shipping-taxable","12":"purchasable","13":"product-type-variable"},"_links":{"self":[{"href":"https:\/\/www.promotio.sk\/cs\/wp-json\/wp\/v2\/product\/19550","targetHints":{"allow":["GET"]}}],"collection":[{"href":"https:\/\/www.promotio.sk\/cs\/wp-json\/wp\/v2\/product"}],"about":[{"href":"https:\/\/www.promotio.sk\/cs\/wp-json\/wp\/v2\/types\/product"}],"replies":[{"embeddable":true,"href":"https:\/\/www.promotio.sk\/cs\/wp-json\/wp\/v2\/comments?post=19550"}],"wp:featuredmedia":[{"embeddable":true,"href":"https:\/\/www.promotio.sk\/cs\/wp-json\/wp\/v2\/media\/19553"}],"wp:attachment":[{"href":"https:\/\/www.promotio.sk\/cs\/wp-json\/wp\/v2\/media?parent=19550"}],"wp:term":[{"taxonomy":"product_cat","embeddable":true,"href":"https:\/\/www.promotio.sk\/cs\/wp-json\/wp\/v2\/product_cat?post=19550"},{"taxonomy":"product_tag","embeddable":true,"href":"https:\/\/www.promotio.sk\/cs\/wp-json\/wp\/v2\/product_tag?post=19550"}],"curies":[{"name":"wp","href":"https:\/\/api.w.org\/{rel}","templated":true}]}}