{"id":19337,"date":"2024-03-10T12:33:26","date_gmt":"2024-03-10T11:33:26","guid":{"rendered":"https:\/\/www.promotio.sk\/shop\/nezaraden\u00e9\/estrella-l-s\/"},"modified":"2024-03-10T12:41:21","modified_gmt":"2024-03-10T11:41:21","slug":"estrella-l-s","status":"publish","type":"product","link":"https:\/\/www.promotio.sk\/cs\/shop\/pol_s\/long-sleeve\/estrella-l-s\/","title":{"rendered":"ESTRELLA L\/S"},"content":{"rendered":"<p>Poloko\u0161ile s dlouh\u00fdm ruk\u00e1vem, \u017eebrovan\u00fdm l\u00edmcem a man\u017eetami, l\u00e9gou na 3 knofl\u00edky a \u017eebrovan\u00fdmi man\u017eetami z elastanu 1\u00d71. Zes\u00edlen\u00e9 kryt\u00e9 \u0161vy v l\u00edmci. <br \/>Slo\u017een\u00ed: 100% bavlna, pik\u00e9, 220 gsm.<br \/>\nHeather \u0161ed\u00e1 58 : 85% bavlna \/ 15% visk\u00f3za.<br \/>Pozn\u00e1mky: *Voliteln\u00e1 kapsa.<br \/>\n* Odn\u00edmateln\u00fd \u0161t\u00edtek.<br \/>\n*Koncept DUO.<br \/>\n<br \/><img decoding=\"async\" src=\"https:\/\/static.gorfactory.es\/pics\/measures\/PO_MC_HO.jpg\"><\/p>","protected":false},"excerpt":{"rendered":"<p>Poloko\u0161ile s dlouh\u00fdm ruk\u00e1vem, \u017eebrovan\u00fdm l\u00edmcem a man\u017eetami, l\u00e9gou na 3 knofl\u00edky a \u017eebrovan\u00fdmi man\u017eetami z elastanu 1\u00d71. Zes\u00edlen\u00e9 kryt\u00e9 \u0161vy v l\u00edmci.<\/p>","protected":false},"featured_media":19338,"comment_status":"open","ping_status":"closed","template":"","meta":[],"product_cat":[438,434],"product_tag":[],"class_list":{"0":"post-19337","1":"product","2":"type-product","3":"status-publish","4":"has-post-thumbnail","6":"product_cat-long-sleeve","7":"product_cat-pol_s","9":"first","10":"instock","11":"shipping-taxable","12":"purchasable","13":"product-type-variable"},"_links":{"self":[{"href":"https:\/\/www.promotio.sk\/cs\/wp-json\/wp\/v2\/product\/19337","targetHints":{"allow":["GET"]}}],"collection":[{"href":"https:\/\/www.promotio.sk\/cs\/wp-json\/wp\/v2\/product"}],"about":[{"href":"https:\/\/www.promotio.sk\/cs\/wp-json\/wp\/v2\/types\/product"}],"replies":[{"embeddable":true,"href":"https:\/\/www.promotio.sk\/cs\/wp-json\/wp\/v2\/comments?post=19337"}],"wp:featuredmedia":[{"embeddable":true,"href":"https:\/\/www.promotio.sk\/cs\/wp-json\/wp\/v2\/media\/19338"}],"wp:attachment":[{"href":"https:\/\/www.promotio.sk\/cs\/wp-json\/wp\/v2\/media?parent=19337"}],"wp:term":[{"taxonomy":"product_cat","embeddable":true,"href":"https:\/\/www.promotio.sk\/cs\/wp-json\/wp\/v2\/product_cat?post=19337"},{"taxonomy":"product_tag","embeddable":true,"href":"https:\/\/www.promotio.sk\/cs\/wp-json\/wp\/v2\/product_tag?post=19337"}],"curies":[{"name":"wp","href":"https:\/\/api.w.org\/{rel}","templated":true}]}}