{"id":19012,"date":"2024-03-10T11:52:05","date_gmt":"2024-03-10T10:52:05","guid":{"rendered":"https:\/\/www.promotio.sk\/shop\/nezaraden\u00e9\/star-woman\/"},"modified":"2024-03-10T15:00:40","modified_gmt":"2024-03-10T14:00:40","slug":"star-woman","status":"publish","type":"product","link":"https:\/\/www.promotio.sk\/cs\/shop\/pol_s\/shorts-sleeve\/star-woman\/","title":{"rendered":"HV\u011aZDN\u00c1 \u017dENA"},"content":{"rendered":"<p>Short-sleeve polo shirt for women. Reinforced covered seams in interior collar. 1&#215;1 ribbed collar and cuffs. Side seams and fitted cut. Narrow 3-button placket. Side slits.<br \/>\nSlo\u017een\u00ed: 100% bavlna, pik\u00e9, 200 g\/m2.<br \/>\nHeather grey 58: 85% cotton, piqu\u00e9 \/ 15% viscose.<br \/>\nPozn\u00e1mky: *Odn\u00edmateln\u00fd \u0161t\u00edtek.<br \/>\n*Koncept dua.<br \/>\n<img decoding=\"async\" src=\"https:\/\/static.gorfactory.es\/pics\/measures\/PO_MC_MU.jpg\" \/><\/p>","protected":false},"excerpt":{"rendered":"<p>Short-sleeve polo shirt for women. Reinforced covered seams in interior collar. 1&#215;1 ribbed collar and cuffs. Side seams and fitted<\/p>","protected":false},"featured_media":19013,"comment_status":"open","ping_status":"closed","template":"","meta":[],"product_cat":[434,435],"product_tag":[],"class_list":{"0":"post-19012","1":"product","2":"type-product","3":"status-publish","4":"has-post-thumbnail","6":"product_cat-pol_s","7":"product_cat-shorts-sleeve","9":"first","10":"instock","11":"shipping-taxable","12":"purchasable","13":"product-type-variable"},"_links":{"self":[{"href":"https:\/\/www.promotio.sk\/cs\/wp-json\/wp\/v2\/product\/19012","targetHints":{"allow":["GET"]}}],"collection":[{"href":"https:\/\/www.promotio.sk\/cs\/wp-json\/wp\/v2\/product"}],"about":[{"href":"https:\/\/www.promotio.sk\/cs\/wp-json\/wp\/v2\/types\/product"}],"replies":[{"embeddable":true,"href":"https:\/\/www.promotio.sk\/cs\/wp-json\/wp\/v2\/comments?post=19012"}],"wp:featuredmedia":[{"embeddable":true,"href":"https:\/\/www.promotio.sk\/cs\/wp-json\/wp\/v2\/media\/19013"}],"wp:attachment":[{"href":"https:\/\/www.promotio.sk\/cs\/wp-json\/wp\/v2\/media?parent=19012"}],"wp:term":[{"taxonomy":"product_cat","embeddable":true,"href":"https:\/\/www.promotio.sk\/cs\/wp-json\/wp\/v2\/product_cat?post=19012"},{"taxonomy":"product_tag","embeddable":true,"href":"https:\/\/www.promotio.sk\/cs\/wp-json\/wp\/v2\/product_tag?post=19012"}],"curies":[{"name":"wp","href":"https:\/\/api.w.org\/{rel}","templated":true}]}}