{"id":18896,"date":"2024-03-10T11:46:18","date_gmt":"2024-03-10T10:46:18","guid":{"rendered":"https:\/\/www.promotio.sk\/shop\/nezaraden\u00e9\/montreal\/"},"modified":"2024-03-10T11:51:38","modified_gmt":"2024-03-10T10:51:38","slug":"montreal","status":"publish","type":"product","link":"https:\/\/www.promotio.sk\/cs\/shop\/pol_s\/shorts-sleeve\/montreal\/","title":{"rendered":"MONTREAL"},"content":{"rendered":"<p>Poloko\u0161ile s kr\u00e1tk\u00fdm ruk\u00e1vem a odpov\u00eddaj\u00edc\u00ed l\u00e9gou na 3 knofl\u00edky v l\u00edme\u010dku. Vnit\u0159n\u00ed barevn\u00e1 l\u00e9ga v kontrastu s vn\u011bj\u0161\u00ed l\u00e9gou. 1\u00d71 \u017eebrovan\u00fd l\u00edmec a man\u017eety, zes\u00edlen\u00e9 kryt\u00e9 \u0161vy v l\u00edmci a bo\u010dn\u00edch rozparkech.<br \/>Slo\u017een\u00ed: 100% \u010desan\u00e1 bavlna, pik\u00e9 \u00faplet, 230 gsm.<br \/>Pozn\u00e1mky: *Odn\u00edmateln\u00fd \u0161t\u00edtek.<br \/>\n<br \/><img decoding=\"async\" src=\"https:\/\/static.gorfactory.es\/pics\/measures\/PO_MC_HO.jpg\"><\/p>","protected":false},"excerpt":{"rendered":"<p>Short-sleeve polo shirt with matching 3-button placket in collar. Inner coloured placket in contrast with outer placket. 1&#215;1 ribbed collar<\/p>","protected":false},"featured_media":18897,"comment_status":"open","ping_status":"closed","template":"","meta":[],"product_cat":[434,435],"product_tag":[],"class_list":{"0":"post-18896","1":"product","2":"type-product","3":"status-publish","4":"has-post-thumbnail","6":"product_cat-pol_s","7":"product_cat-shorts-sleeve","9":"first","10":"instock","11":"shipping-taxable","12":"purchasable","13":"product-type-variable"},"_links":{"self":[{"href":"https:\/\/www.promotio.sk\/cs\/wp-json\/wp\/v2\/product\/18896","targetHints":{"allow":["GET"]}}],"collection":[{"href":"https:\/\/www.promotio.sk\/cs\/wp-json\/wp\/v2\/product"}],"about":[{"href":"https:\/\/www.promotio.sk\/cs\/wp-json\/wp\/v2\/types\/product"}],"replies":[{"embeddable":true,"href":"https:\/\/www.promotio.sk\/cs\/wp-json\/wp\/v2\/comments?post=18896"}],"wp:featuredmedia":[{"embeddable":true,"href":"https:\/\/www.promotio.sk\/cs\/wp-json\/wp\/v2\/media\/18897"}],"wp:attachment":[{"href":"https:\/\/www.promotio.sk\/cs\/wp-json\/wp\/v2\/media?parent=18896"}],"wp:term":[{"taxonomy":"product_cat","embeddable":true,"href":"https:\/\/www.promotio.sk\/cs\/wp-json\/wp\/v2\/product_cat?post=18896"},{"taxonomy":"product_tag","embeddable":true,"href":"https:\/\/www.promotio.sk\/cs\/wp-json\/wp\/v2\/product_tag?post=18896"}],"curies":[{"name":"wp","href":"https:\/\/api.w.org\/{rel}","templated":true}]}}