{"id":18787,"date":"2024-03-10T11:41:11","date_gmt":"2024-03-10T10:41:11","guid":{"rendered":"https:\/\/www.promotio.sk\/shop\/nezaraden\u00e9\/prince\/"},"modified":"2024-03-10T11:44:51","modified_gmt":"2024-03-10T10:44:51","slug":"prince","status":"publish","type":"product","link":"https:\/\/www.promotio.sk\/cs\/shop\/pol_s\/shorts-sleeve\/prince\/","title":{"rendered":"PRINC"},"content":{"rendered":"<p>Poloko\u0161ile s kr\u00e1tk\u00fdm ruk\u00e1vem z organick\u00e9 bavlny s certifikac\u00ed OCS. 1\u00d71 \u017eebrovan\u00fd l\u00edmec a lemov\u00e1n\u00ed ruk\u00e1v\u016f. 2knofl\u00edkov\u00e1 l\u00e9ga. Zes\u00edlen\u00e9 kryt\u00e9 \u0161vy v l\u00edmci. Bo\u010dn\u00ed rozparky na lemu. Voliteln\u00e1 kapsa.<br \/>\n<br \/>Slo\u017een\u00ed: 100% organick\u00e1 bavlna, 210 gsm.<br \/>\nV\u0159esov\u011b \u0161ed\u00e1 58 barva: 85% organick\u00e1 bavlna a 15% visk\u00f3za.<br \/>\n<br \/>Pozn\u00e1mky: * Odn\u00edmateln\u00fd \u0161t\u00edtek.<br \/>\n* Koncept dua.<br \/>\n* organick\u00e1 tkanina OCS.<br \/><img decoding=\"async\" src=\"https:\/\/static.gorfactory.es\/pics\/measures\/PO_MC_HO.jpg\"><\/p>","protected":false},"excerpt":{"rendered":"<p>Short-sleeve polo shirt in OCS certified organic cotton. 1&#215;1 ribbed collar and sleeve edging. 2-button placket. Reinforced covered seams in<\/p>","protected":false},"featured_media":18788,"comment_status":"open","ping_status":"closed","template":"","meta":[],"product_cat":[434,435],"product_tag":[],"class_list":{"0":"post-18787","1":"product","2":"type-product","3":"status-publish","4":"has-post-thumbnail","6":"product_cat-pol_s","7":"product_cat-shorts-sleeve","9":"first","10":"instock","11":"shipping-taxable","12":"purchasable","13":"product-type-variable"},"_links":{"self":[{"href":"https:\/\/www.promotio.sk\/cs\/wp-json\/wp\/v2\/product\/18787","targetHints":{"allow":["GET"]}}],"collection":[{"href":"https:\/\/www.promotio.sk\/cs\/wp-json\/wp\/v2\/product"}],"about":[{"href":"https:\/\/www.promotio.sk\/cs\/wp-json\/wp\/v2\/types\/product"}],"replies":[{"embeddable":true,"href":"https:\/\/www.promotio.sk\/cs\/wp-json\/wp\/v2\/comments?post=18787"}],"wp:featuredmedia":[{"embeddable":true,"href":"https:\/\/www.promotio.sk\/cs\/wp-json\/wp\/v2\/media\/18788"}],"wp:attachment":[{"href":"https:\/\/www.promotio.sk\/cs\/wp-json\/wp\/v2\/media?parent=18787"}],"wp:term":[{"taxonomy":"product_cat","embeddable":true,"href":"https:\/\/www.promotio.sk\/cs\/wp-json\/wp\/v2\/product_cat?post=18787"},{"taxonomy":"product_tag","embeddable":true,"href":"https:\/\/www.promotio.sk\/cs\/wp-json\/wp\/v2\/product_tag?post=18787"}],"curies":[{"name":"wp","href":"https:\/\/api.w.org\/{rel}","templated":true}]}}