{"id":18785,"date":"2024-03-10T11:41:06","date_gmt":"2024-03-10T10:41:06","guid":{"rendered":"https:\/\/www.promotio.sk\/shop\/nezaraden\u00e9\/tyler\/"},"modified":"2024-03-10T11:46:12","modified_gmt":"2024-03-10T10:46:12","slug":"tyler","status":"publish","type":"product","link":"https:\/\/www.promotio.sk\/cs\/shop\/pol_s\/shorts-sleeve\/tyler\/","title":{"rendered":"TYLER"},"content":{"rendered":"<p>Polo tri\u010dko s kr\u00e1tk\u00fdm ruk\u00e1vem z jednod\u00edln\u00e9ho \u017eerzeje. \u017debrovan\u00fd l\u00edmec a lemov\u00e1n\u00ed ruk\u00e1v\u016f 1\u00d71. Zap\u00edn\u00e1n\u00ed na 1 knofl\u00edk. Zes\u00edlen\u00e9 skryt\u00e9 \u0161vy v l\u00edmci. Bo\u010dn\u00ed rozparky na lemu. Barevn\u011b kontrastn\u00ed p\u00e1ska s motivem ryb\u00ed kosti na man\u017eet\u00e1ch a l\u00edmci. Logo Roly lad\u00ed s vnit\u0159n\u00ed l\u00e1tkou.<br \/>Slo\u017een\u00ed: 100% bavlna, 210 g\/m\u00b2.<br \/>Pozn\u00e1mky: * Odn\u00edmateln\u00fd \u0161t\u00edtek.<br \/><img decoding=\"async\" src=\"https:\/\/static.gorfactory.es\/pics\/measures\/PO_MC_HO.jpg\"><\/p>","protected":false},"excerpt":{"rendered":"<p>Short-sleeve polo shirt in single jersey. 1&#215;1 ribbed collar and sleeves edging. 1-button placket. Reinforced covered seams in collar. Side<\/p>","protected":false},"featured_media":18786,"comment_status":"open","ping_status":"closed","template":"","meta":[],"product_cat":[434,435],"product_tag":[],"class_list":{"0":"post-18785","1":"product","2":"type-product","3":"status-publish","4":"has-post-thumbnail","6":"product_cat-pol_s","7":"product_cat-shorts-sleeve","9":"first","10":"instock","11":"shipping-taxable","12":"purchasable","13":"product-type-variable"},"_links":{"self":[{"href":"https:\/\/www.promotio.sk\/cs\/wp-json\/wp\/v2\/product\/18785","targetHints":{"allow":["GET"]}}],"collection":[{"href":"https:\/\/www.promotio.sk\/cs\/wp-json\/wp\/v2\/product"}],"about":[{"href":"https:\/\/www.promotio.sk\/cs\/wp-json\/wp\/v2\/types\/product"}],"replies":[{"embeddable":true,"href":"https:\/\/www.promotio.sk\/cs\/wp-json\/wp\/v2\/comments?post=18785"}],"wp:featuredmedia":[{"embeddable":true,"href":"https:\/\/www.promotio.sk\/cs\/wp-json\/wp\/v2\/media\/18786"}],"wp:attachment":[{"href":"https:\/\/www.promotio.sk\/cs\/wp-json\/wp\/v2\/media?parent=18785"}],"wp:term":[{"taxonomy":"product_cat","embeddable":true,"href":"https:\/\/www.promotio.sk\/cs\/wp-json\/wp\/v2\/product_cat?post=18785"},{"taxonomy":"product_tag","embeddable":true,"href":"https:\/\/www.promotio.sk\/cs\/wp-json\/wp\/v2\/product_tag?post=18785"}],"curies":[{"name":"wp","href":"https:\/\/api.w.org\/{rel}","templated":true}]}}