{"id":18549,"date":"2024-03-10T11:28:20","date_gmt":"2024-03-10T10:28:20","guid":{"rendered":"https:\/\/www.promotio.sk\/shop\/nezaraden\u00e9\/pegaso-premium\/"},"modified":"2024-03-10T11:38:43","modified_gmt":"2024-03-10T10:38:43","slug":"pegaso-premium","status":"publish","type":"product","link":"https:\/\/www.promotio.sk\/cs\/shop\/pol_s\/shorts-sleeve\/pegaso-premium\/","title":{"rendered":"PEGASO PREMIUM"},"content":{"rendered":"<p>Poloko\u0161ile s kr\u00e1tk\u00fdm ruk\u00e1vem. Lemov\u00e1n\u00ed l\u00edmce a ruk\u00e1v\u016f z \u017eebrovan\u00e9 l\u00e1tky 1\u00d71 s detailem. 3 knofl\u00edkov\u00e1 l\u00e9ga. Zes\u00edlen\u00e9 kryt\u00e9 \u0161vy v l\u00edmci. Bo\u010dn\u00ed rozparky a voliteln\u00e1 kapsa.<br \/>\n<br \/>Slo\u017een\u00ed: 60% bavlna \/ 40% polyester, pik\u00e9 \u00faplet.<br \/>\nBarva: 190 gsm. B\u00edl\u00e1: 220 gsm.<br \/>Pozn\u00e1mky: *Odn\u00edmateln\u00fd \u0161t\u00edtek.<br \/>\n*K dispozici d\u011btsk\u00e9 velikosti.<br \/>\n*Koncept dua.<br \/>\n*O\u0161et\u0159en\u00ed ANTI-PILLING.<br \/><img decoding=\"async\" src=\"https:\/\/static.gorfactory.es\/pics\/measures\/PO_MC_HO.jpg\"><\/p>","protected":false},"excerpt":{"rendered":"<p>Short-sleeve polo shirt. Collar and sleeves edging in 1&#215;1 ribbed fabric with detail. 3-button placket. Reinforced covered seams in collar.<\/p>","protected":false},"featured_media":18550,"comment_status":"open","ping_status":"closed","template":"","meta":[],"product_cat":[434,435],"product_tag":[],"class_list":{"0":"post-18549","1":"product","2":"type-product","3":"status-publish","4":"has-post-thumbnail","6":"product_cat-pol_s","7":"product_cat-shorts-sleeve","9":"first","10":"instock","11":"shipping-taxable","12":"purchasable","13":"product-type-variable"},"_links":{"self":[{"href":"https:\/\/www.promotio.sk\/cs\/wp-json\/wp\/v2\/product\/18549","targetHints":{"allow":["GET"]}}],"collection":[{"href":"https:\/\/www.promotio.sk\/cs\/wp-json\/wp\/v2\/product"}],"about":[{"href":"https:\/\/www.promotio.sk\/cs\/wp-json\/wp\/v2\/types\/product"}],"replies":[{"embeddable":true,"href":"https:\/\/www.promotio.sk\/cs\/wp-json\/wp\/v2\/comments?post=18549"}],"wp:featuredmedia":[{"embeddable":true,"href":"https:\/\/www.promotio.sk\/cs\/wp-json\/wp\/v2\/media\/18550"}],"wp:attachment":[{"href":"https:\/\/www.promotio.sk\/cs\/wp-json\/wp\/v2\/media?parent=18549"}],"wp:term":[{"taxonomy":"product_cat","embeddable":true,"href":"https:\/\/www.promotio.sk\/cs\/wp-json\/wp\/v2\/product_cat?post=18549"},{"taxonomy":"product_tag","embeddable":true,"href":"https:\/\/www.promotio.sk\/cs\/wp-json\/wp\/v2\/product_tag?post=18549"}],"curies":[{"name":"wp","href":"https:\/\/api.w.org\/{rel}","templated":true}]}}