{"id":18547,"date":"2024-03-10T11:28:16","date_gmt":"2024-03-10T10:28:16","guid":{"rendered":"https:\/\/www.promotio.sk\/shop\/nezaraden\u00e9\/centauro-premium\/"},"modified":"2024-03-10T11:41:03","modified_gmt":"2024-03-10T10:41:03","slug":"centauro-premium","status":"publish","type":"product","link":"https:\/\/www.promotio.sk\/cs\/shop\/pol_s\/shorts-sleeve\/centauro-premium\/","title":{"rendered":"CENTAURO PREMIUM"},"content":{"rendered":"<p>Polo tri\u010dko s kr\u00e1tk\u00fdm ruk\u00e1vem a kapsou na lev\u00e9 stran\u011b hrudi. L\u00edmec a man\u017eety z \u017eebrovan\u00e9 l\u00e1tky 1\u00d71 s detailem. Zap\u00edn\u00e1n\u00ed na 3 knofl\u00edky. Zes\u00edlen\u00e9 skryt\u00e9 \u0161vy v l\u00edmci.<br \/>\n<br \/>Slo\u017een\u00ed: 60% bavlna \/ 40% polyester, pik\u00e9 \u00faplet.<br \/>\nBarva: 190 gsm.<br \/>\nB\u00edl\u00e1: 220 gsm.<br \/>\nV\u0159esov\u011b \u0161ed\u00e1 barva (58): 85% bavlna \/ 15% visk\u00f3za.<br \/>Pozn\u00e1mky: *Odn\u00edmateln\u00fd \u0161t\u00edtek.<br \/>\n*O\u0161et\u0159en\u00ed ANTI-PILLING.<br \/><img decoding=\"async\" src=\"https:\/\/static.gorfactory.es\/pics\/measures\/PO_MC_HO.jpg\"><\/p>","protected":false},"excerpt":{"rendered":"<p>Short-sleeve polo shirt with pocket on left chest. Collar and cuffs in 1&#215;1 ribbed fabric with detail. 3-button placket. Reinforced<\/p>","protected":false},"featured_media":18548,"comment_status":"open","ping_status":"closed","template":"","meta":[],"product_cat":[434,435],"product_tag":[],"class_list":{"0":"post-18547","1":"product","2":"type-product","3":"status-publish","4":"has-post-thumbnail","6":"product_cat-pol_s","7":"product_cat-shorts-sleeve","9":"first","10":"instock","11":"shipping-taxable","12":"purchasable","13":"product-type-variable"},"_links":{"self":[{"href":"https:\/\/www.promotio.sk\/cs\/wp-json\/wp\/v2\/product\/18547","targetHints":{"allow":["GET"]}}],"collection":[{"href":"https:\/\/www.promotio.sk\/cs\/wp-json\/wp\/v2\/product"}],"about":[{"href":"https:\/\/www.promotio.sk\/cs\/wp-json\/wp\/v2\/types\/product"}],"replies":[{"embeddable":true,"href":"https:\/\/www.promotio.sk\/cs\/wp-json\/wp\/v2\/comments?post=18547"}],"wp:featuredmedia":[{"embeddable":true,"href":"https:\/\/www.promotio.sk\/cs\/wp-json\/wp\/v2\/media\/18548"}],"wp:attachment":[{"href":"https:\/\/www.promotio.sk\/cs\/wp-json\/wp\/v2\/media?parent=18547"}],"wp:term":[{"taxonomy":"product_cat","embeddable":true,"href":"https:\/\/www.promotio.sk\/cs\/wp-json\/wp\/v2\/product_cat?post=18547"},{"taxonomy":"product_tag","embeddable":true,"href":"https:\/\/www.promotio.sk\/cs\/wp-json\/wp\/v2\/product_tag?post=18547"}],"curies":[{"name":"wp","href":"https:\/\/api.w.org\/{rel}","templated":true}]}}