{"id":18453,"date":"2024-03-10T11:23:55","date_gmt":"2024-03-10T10:23:55","guid":{"rendered":"https:\/\/www.promotio.sk\/shop\/nezaraden\u00e9\/bowie\/"},"modified":"2024-03-10T11:26:04","modified_gmt":"2024-03-10T10:26:04","slug":"bowie","status":"publish","type":"product","link":"https:\/\/www.promotio.sk\/cs\/shop\/pol_s\/shorts-sleeve\/bowie\/","title":{"rendered":"BOWIE"},"content":{"rendered":"<p>Heather poloko\u0161ile s kr\u00e1tk\u00fdm ruk\u00e1vem. Krk a man\u017eety v jednobarevn\u00e9 barv\u011b s kontrastn\u00edm \u017eebrem 1\u00d71 a ozdobn\u00fdm detailem. Vnit\u0159n\u00ed l\u00e9ga na 3 knofl\u00edky s kontrastn\u00ed ozdobnou stuhou. Spodn\u00ed lem se zes\u00edlen\u00fdmi bo\u010dn\u00edmi rozparky a ozdobnou p\u00e1skou. Vzor zadn\u00ed strany je o n\u011bco del\u0161\u00ed ne\u017e p\u0159edn\u00ed.<br \/>Slo\u017een\u00ed: 100% bavlna, pik\u00e9 \u00faplet, 200 g\/m2.<br \/>Pozn\u00e1mky: * Odn\u00edmateln\u00fd \u0161t\u00edtek.<br \/><img decoding=\"async\" src=\"https:\/\/static.gorfactory.es\/pics\/measures\/PO_MC_HO.jpg\"><\/p>","protected":false},"excerpt":{"rendered":"<p>Heather short-sleeve polo shirt. Neck and cuffs in solid colour with contrasting 1&#215;1 rib and decorative detail. Interior 3-button placket<\/p>","protected":false},"featured_media":18455,"comment_status":"open","ping_status":"closed","template":"","meta":[],"product_cat":[434,435],"product_tag":[],"class_list":{"0":"post-18453","1":"product","2":"type-product","3":"status-publish","4":"has-post-thumbnail","6":"product_cat-pol_s","7":"product_cat-shorts-sleeve","9":"first","10":"instock","11":"shipping-taxable","12":"product-type-simple"},"_links":{"self":[{"href":"https:\/\/www.promotio.sk\/cs\/wp-json\/wp\/v2\/product\/18453","targetHints":{"allow":["GET"]}}],"collection":[{"href":"https:\/\/www.promotio.sk\/cs\/wp-json\/wp\/v2\/product"}],"about":[{"href":"https:\/\/www.promotio.sk\/cs\/wp-json\/wp\/v2\/types\/product"}],"replies":[{"embeddable":true,"href":"https:\/\/www.promotio.sk\/cs\/wp-json\/wp\/v2\/comments?post=18453"}],"wp:featuredmedia":[{"embeddable":true,"href":"https:\/\/www.promotio.sk\/cs\/wp-json\/wp\/v2\/media\/18455"}],"wp:attachment":[{"href":"https:\/\/www.promotio.sk\/cs\/wp-json\/wp\/v2\/media?parent=18453"}],"wp:term":[{"taxonomy":"product_cat","embeddable":true,"href":"https:\/\/www.promotio.sk\/cs\/wp-json\/wp\/v2\/product_cat?post=18453"},{"taxonomy":"product_tag","embeddable":true,"href":"https:\/\/www.promotio.sk\/cs\/wp-json\/wp\/v2\/product_tag?post=18453"}],"curies":[{"name":"wp","href":"https:\/\/api.w.org\/{rel}","templated":true}]}}