{"id":18349,"date":"2024-03-10T11:17:25","date_gmt":"2024-03-10T10:17:25","guid":{"rendered":"https:\/\/www.promotio.sk\/shop\/nezaraden\u00e9\/nukka\/"},"modified":"2024-03-10T21:52:29","modified_gmt":"2024-03-10T20:52:29","slug":"nukka","status":"publish","type":"product","link":"https:\/\/www.promotio.sk\/cs\/shop\/promo-clothing\/neckwarm-headband\/nukka\/","title":{"rendered":"NUKKA"},"content":{"rendered":"<p>Fl\u00edsov\u00fd n\u00e1kr\u010dn\u00edk s elastick\u00fdm regul\u00e1torem. V\u011btruodoln\u00fd model. Fl\u00edsov\u00fd polyester 100% (120 g\/m\u00b2).<br \/>\n<br \/>Slo\u017een\u00ed: polyester 100%, fleece 210 g\/m\u00b2.<br \/>Pozn\u00e1mky: * V\u011btruodoln\u00fd model.<br \/>\n* Minim\u00e1ln\u00ed prodejn\u00ed jednotka \u2013 kompletn\u00ed balen\u00ed.<\/p>","protected":false},"excerpt":{"rendered":"<p>Fleece neckwarmer with elastic adjuster. Wind-proof model. 100% fleece polyester (120 gsm). Composition: 100% polyester, 210 gsm fleece.Remarks: * Wind-proof<\/p>","protected":false},"featured_media":18350,"comment_status":"open","ping_status":"closed","template":"","meta":[],"product_cat":[437,23],"product_tag":[],"class_list":{"0":"post-18349","1":"product","2":"type-product","3":"status-publish","4":"has-post-thumbnail","6":"product_cat-neckwarm-headband","7":"product_cat-promo-clothing","9":"first","10":"instock","11":"shipping-taxable","12":"purchasable","13":"product-type-variable"},"_links":{"self":[{"href":"https:\/\/www.promotio.sk\/cs\/wp-json\/wp\/v2\/product\/18349","targetHints":{"allow":["GET"]}}],"collection":[{"href":"https:\/\/www.promotio.sk\/cs\/wp-json\/wp\/v2\/product"}],"about":[{"href":"https:\/\/www.promotio.sk\/cs\/wp-json\/wp\/v2\/types\/product"}],"replies":[{"embeddable":true,"href":"https:\/\/www.promotio.sk\/cs\/wp-json\/wp\/v2\/comments?post=18349"}],"wp:featuredmedia":[{"embeddable":true,"href":"https:\/\/www.promotio.sk\/cs\/wp-json\/wp\/v2\/media\/18350"}],"wp:attachment":[{"href":"https:\/\/www.promotio.sk\/cs\/wp-json\/wp\/v2\/media?parent=18349"}],"wp:term":[{"taxonomy":"product_cat","embeddable":true,"href":"https:\/\/www.promotio.sk\/cs\/wp-json\/wp\/v2\/product_cat?post=18349"},{"taxonomy":"product_tag","embeddable":true,"href":"https:\/\/www.promotio.sk\/cs\/wp-json\/wp\/v2\/product_tag?post=18349"}],"curies":[{"name":"wp","href":"https:\/\/api.w.org\/{rel}","templated":true}]}}