{"id":18232,"date":"2024-03-10T10:00:59","date_gmt":"2024-03-10T09:00:59","guid":{"rendered":"https:\/\/www.promotio.sk\/shop\/nezaraden\u00e9\/miyagi\/"},"modified":"2024-03-10T11:08:17","modified_gmt":"2024-03-10T10:08:17","slug":"miyagi","status":"publish","type":"product","link":"https:\/\/www.promotio.sk\/cs\/shop\/promo-items\/bags_travel\/umbrellas\/miyagi\/","title":{"rendered":"MIYAGI"},"content":{"rendered":"<p>Skl\u00e1dac\u00ed de\u0161tn\u00edk s automatick\u00fdm otev\u00edr\u00e1n\u00edm. Tkanina 190T pongee s odpov\u00eddaj\u00edc\u00edm pouzdrem. Rukoje\u0165 z EVA a \u010dern\u00e1 kovov\u00e1 \u017eebra.<\/p>","protected":false},"excerpt":{"rendered":"<p>Skl\u00e1dac\u00ed de\u0161tn\u00edk s automatick\u00fdm otev\u00edr\u00e1n\u00edm. Tkanina 190T pongee s odpov\u00eddaj\u00edc\u00edm pouzdrem. Rukoje\u0165 z EVA a \u010dern\u00e1 kovov\u00e1 \u017eebra.<\/p>","protected":false},"featured_media":18233,"comment_status":"open","ping_status":"closed","template":"","meta":[],"product_cat":[298,407],"product_tag":[],"class_list":{"0":"post-18232","1":"product","2":"type-product","3":"status-publish","4":"has-post-thumbnail","6":"product_cat-bags_travel","7":"product_cat-umbrellas","9":"first","10":"instock","11":"shipping-taxable","12":"purchasable","13":"product-type-variable"},"_links":{"self":[{"href":"https:\/\/www.promotio.sk\/cs\/wp-json\/wp\/v2\/product\/18232","targetHints":{"allow":["GET"]}}],"collection":[{"href":"https:\/\/www.promotio.sk\/cs\/wp-json\/wp\/v2\/product"}],"about":[{"href":"https:\/\/www.promotio.sk\/cs\/wp-json\/wp\/v2\/types\/product"}],"replies":[{"embeddable":true,"href":"https:\/\/www.promotio.sk\/cs\/wp-json\/wp\/v2\/comments?post=18232"}],"wp:featuredmedia":[{"embeddable":true,"href":"https:\/\/www.promotio.sk\/cs\/wp-json\/wp\/v2\/media\/18233"}],"wp:attachment":[{"href":"https:\/\/www.promotio.sk\/cs\/wp-json\/wp\/v2\/media?parent=18232"}],"wp:term":[{"taxonomy":"product_cat","embeddable":true,"href":"https:\/\/www.promotio.sk\/cs\/wp-json\/wp\/v2\/product_cat?post=18232"},{"taxonomy":"product_tag","embeddable":true,"href":"https:\/\/www.promotio.sk\/cs\/wp-json\/wp\/v2\/product_tag?post=18232"}],"curies":[{"name":"wp","href":"https:\/\/api.w.org\/{rel}","templated":true}]}}