{"id":18002,"date":"2024-03-10T09:48:02","date_gmt":"2024-03-10T08:48:02","guid":{"rendered":"https:\/\/www.promotio.sk\/shop\/nezaraden\u00e9\/baikal\/"},"modified":"2024-03-10T11:02:55","modified_gmt":"2024-03-10T10:02:55","slug":"baikal","status":"publish","type":"product","link":"https:\/\/www.promotio.sk\/cs\/shop\/promo-clothing\/coats-jackets\/raincoats\/baikal\/","title":{"rendered":"BAJKAL"},"content":{"rendered":"<p>Nepromokav\u00e1 pl\u00e1\u0161t\u011bnka s tepeln\u011b zataven\u00fdmi okraji, p\u0159edn\u00edm zap\u00edn\u00e1n\u00edm na 4 druky, bo\u010dn\u00edmi klopami, man\u017eetami s knofl\u00edkem, 3 zadn\u00edmi v\u011btrac\u00edmi otvory a nastavitelnou kapuc\u00ed se stahovac\u00ed \u0161\u0148\u016frkou. <br \/>Slo\u017een\u00ed: Pl\u00e1\u0161t\u011bnka: 100% EVA.<br \/>\nPouzdro: polyester 100%.<br \/>Pozn\u00e1mky: Univerz\u00e1ln\u00ed velikost pro dosp\u011bl\u00e9.<br \/>\nPouzdro je sou\u010d\u00e1st\u00ed balen\u00ed.<br \/><img decoding=\"async\" src=\"https:\/\/static.gorfactory.es\/pics\/measures\/CB_HO.jpg\"><\/p>","protected":false},"excerpt":{"rendered":"<p>Waterproof raincoat with heat-sealed edges, front fastening with 4 snap buttons, side flap pockets, cuffs with adjusting button, 3 back<\/p>","protected":false},"featured_media":18003,"comment_status":"open","ping_status":"closed","template":"","meta":[],"product_cat":[432,427],"product_tag":[],"class_list":{"0":"post-18002","1":"product","2":"type-product","3":"status-publish","4":"has-post-thumbnail","6":"product_cat-coats-jackets","7":"product_cat-raincoats","9":"first","10":"instock","11":"shipping-taxable","12":"purchasable","13":"product-type-variable"},"_links":{"self":[{"href":"https:\/\/www.promotio.sk\/cs\/wp-json\/wp\/v2\/product\/18002","targetHints":{"allow":["GET"]}}],"collection":[{"href":"https:\/\/www.promotio.sk\/cs\/wp-json\/wp\/v2\/product"}],"about":[{"href":"https:\/\/www.promotio.sk\/cs\/wp-json\/wp\/v2\/types\/product"}],"replies":[{"embeddable":true,"href":"https:\/\/www.promotio.sk\/cs\/wp-json\/wp\/v2\/comments?post=18002"}],"wp:featuredmedia":[{"embeddable":true,"href":"https:\/\/www.promotio.sk\/cs\/wp-json\/wp\/v2\/media\/18003"}],"wp:attachment":[{"href":"https:\/\/www.promotio.sk\/cs\/wp-json\/wp\/v2\/media?parent=18002"}],"wp:term":[{"taxonomy":"product_cat","embeddable":true,"href":"https:\/\/www.promotio.sk\/cs\/wp-json\/wp\/v2\/product_cat?post=18002"},{"taxonomy":"product_tag","embeddable":true,"href":"https:\/\/www.promotio.sk\/cs\/wp-json\/wp\/v2\/product_tag?post=18002"}],"curies":[{"name":"wp","href":"https:\/\/api.w.org\/{rel}","templated":true}]}}