{"id":17985,"date":"2024-03-10T09:46:55","date_gmt":"2024-03-10T08:46:55","guid":{"rendered":"https:\/\/www.promotio.sk\/shop\/nezaraden\u00e9\/pla-vostok\/"},"modified":"2024-03-10T11:03:07","modified_gmt":"2024-03-10T10:03:07","slug":"pla-vostok","status":"publish","type":"product","link":"https:\/\/www.promotio.sk\/cs\/shop\/promo-clothing\/coats-jackets\/raincoats\/pla-vostok\/","title":{"rendered":"\u010clov\u011b\u010den\u00e1 voj\u00ednsk\u00e1 arm\u00e1da VOSTOK"},"content":{"rendered":"<p>Compostable transparent rain poncho. One size for adults with hood and arm openings. <br \/>Composition: Lactic polyacid (PLA).<br \/>Remarks: Presentation in individual PLA pouch.<br \/><img decoding=\"async\" src=\"https:\/\/static.gorfactory.es\/pics\/measures\/CB_HO.jpg\"><\/p>","protected":false},"excerpt":{"rendered":"<p>Compostable transparent rain poncho. One size for adults with hood and arm openings. Composition: Lactic polyacid (PLA).Remarks: Presentation in individual<\/p>","protected":false},"featured_media":17986,"comment_status":"open","ping_status":"closed","template":"","meta":[],"product_cat":[432,427],"product_tag":[],"class_list":{"0":"post-17985","1":"product","2":"type-product","3":"status-publish","4":"has-post-thumbnail","6":"product_cat-coats-jackets","7":"product_cat-raincoats","9":"first","10":"instock","11":"shipping-taxable","12":"purchasable","13":"product-type-variable"},"_links":{"self":[{"href":"https:\/\/www.promotio.sk\/cs\/wp-json\/wp\/v2\/product\/17985","targetHints":{"allow":["GET"]}}],"collection":[{"href":"https:\/\/www.promotio.sk\/cs\/wp-json\/wp\/v2\/product"}],"about":[{"href":"https:\/\/www.promotio.sk\/cs\/wp-json\/wp\/v2\/types\/product"}],"replies":[{"embeddable":true,"href":"https:\/\/www.promotio.sk\/cs\/wp-json\/wp\/v2\/comments?post=17985"}],"wp:featuredmedia":[{"embeddable":true,"href":"https:\/\/www.promotio.sk\/cs\/wp-json\/wp\/v2\/media\/17986"}],"wp:attachment":[{"href":"https:\/\/www.promotio.sk\/cs\/wp-json\/wp\/v2\/media?parent=17985"}],"wp:term":[{"taxonomy":"product_cat","embeddable":true,"href":"https:\/\/www.promotio.sk\/cs\/wp-json\/wp\/v2\/product_cat?post=17985"},{"taxonomy":"product_tag","embeddable":true,"href":"https:\/\/www.promotio.sk\/cs\/wp-json\/wp\/v2\/product_tag?post=17985"}],"curies":[{"name":"wp","href":"https:\/\/api.w.org\/{rel}","templated":true}]}}