{"id":17947,"date":"2024-03-08T21:56:26","date_gmt":"2024-03-08T20:56:26","guid":{"rendered":"https:\/\/www.promotio.sk\/shop\/nezaraden\u00e9\/bledax\/"},"modified":"2024-03-08T21:57:09","modified_gmt":"2024-03-08T20:57:09","slug":"bledax","status":"publish","type":"product","link":"https:\/\/www.promotio.sk\/cs\/shop\/promo-items\/selfcare\/lip_balms-toothbrushs\/bledax\/","title":{"rendered":"BLEDAX"},"content":{"rendered":"<p>Lip balm in a bamboo case. SPF15 protection.<br \/>Slo\u017een\u00ed: Bamb\u00fa<\/p>","protected":false},"excerpt":{"rendered":"<p>Lip balm in a bamboo case. SPF15 protection.Composition: Bamb\u00fa<\/p>","protected":false},"featured_media":17948,"comment_status":"open","ping_status":"closed","template":"","meta":[],"product_cat":[401,400],"product_tag":[],"class_list":{"0":"post-17947","1":"product","2":"type-product","3":"status-publish","4":"has-post-thumbnail","6":"product_cat-lip_balms-toothbrushs","7":"product_cat-selfcare","9":"first","10":"instock","11":"shipping-taxable","12":"purchasable","13":"product-type-variable"},"_links":{"self":[{"href":"https:\/\/www.promotio.sk\/cs\/wp-json\/wp\/v2\/product\/17947","targetHints":{"allow":["GET"]}}],"collection":[{"href":"https:\/\/www.promotio.sk\/cs\/wp-json\/wp\/v2\/product"}],"about":[{"href":"https:\/\/www.promotio.sk\/cs\/wp-json\/wp\/v2\/types\/product"}],"replies":[{"embeddable":true,"href":"https:\/\/www.promotio.sk\/cs\/wp-json\/wp\/v2\/comments?post=17947"}],"wp:featuredmedia":[{"embeddable":true,"href":"https:\/\/www.promotio.sk\/cs\/wp-json\/wp\/v2\/media\/17948"}],"wp:attachment":[{"href":"https:\/\/www.promotio.sk\/cs\/wp-json\/wp\/v2\/media?parent=17947"}],"wp:term":[{"taxonomy":"product_cat","embeddable":true,"href":"https:\/\/www.promotio.sk\/cs\/wp-json\/wp\/v2\/product_cat?post=17947"},{"taxonomy":"product_tag","embeddable":true,"href":"https:\/\/www.promotio.sk\/cs\/wp-json\/wp\/v2\/product_tag?post=17947"}],"curies":[{"name":"wp","href":"https:\/\/api.w.org\/{rel}","templated":true}]}}