{"id":17856,"date":"2024-03-08T21:49:36","date_gmt":"2024-03-08T20:49:36","guid":{"rendered":"https:\/\/www.promotio.sk\/shop\/nezaraden\u00e9\/beiso\/"},"modified":"2024-03-08T21:50:57","modified_gmt":"2024-03-08T20:50:57","slug":"beiso","status":"publish","type":"product","link":"https:\/\/www.promotio.sk\/cs\/shop\/promo-items\/selfcare\/lip_balms-toothbrushs\/beiso\/","title":{"rendered":"BEISO"},"content":{"rendered":"<p>Balz\u00e1m na rty v kel\u00edmku ve tvaru koule s chromovanou povrchovou \u00fapravou. Ochrann\u00fd faktor SPF15.<br \/>Slo\u017een\u00ed: Plast<br \/>Pozn\u00e1mky: Vanilkov\u00e1 v\u016fn\u011b.<\/p>","protected":false},"excerpt":{"rendered":"<p>Lip balm in a sphere-shaped recipient with a chrome plated finish. SPF15 protection.Composition: PlasticRemarks: Vanilla scent.<\/p>","protected":false},"featured_media":17857,"comment_status":"open","ping_status":"closed","template":"","meta":[],"product_cat":[401,400],"product_tag":[],"class_list":{"0":"post-17856","1":"product","2":"type-product","3":"status-publish","4":"has-post-thumbnail","6":"product_cat-lip_balms-toothbrushs","7":"product_cat-selfcare","9":"first","10":"instock","11":"shipping-taxable","12":"purchasable","13":"product-type-variable"},"_links":{"self":[{"href":"https:\/\/www.promotio.sk\/cs\/wp-json\/wp\/v2\/product\/17856","targetHints":{"allow":["GET"]}}],"collection":[{"href":"https:\/\/www.promotio.sk\/cs\/wp-json\/wp\/v2\/product"}],"about":[{"href":"https:\/\/www.promotio.sk\/cs\/wp-json\/wp\/v2\/types\/product"}],"replies":[{"embeddable":true,"href":"https:\/\/www.promotio.sk\/cs\/wp-json\/wp\/v2\/comments?post=17856"}],"wp:featuredmedia":[{"embeddable":true,"href":"https:\/\/www.promotio.sk\/cs\/wp-json\/wp\/v2\/media\/17857"}],"wp:attachment":[{"href":"https:\/\/www.promotio.sk\/cs\/wp-json\/wp\/v2\/media?parent=17856"}],"wp:term":[{"taxonomy":"product_cat","embeddable":true,"href":"https:\/\/www.promotio.sk\/cs\/wp-json\/wp\/v2\/product_cat?post=17856"},{"taxonomy":"product_tag","embeddable":true,"href":"https:\/\/www.promotio.sk\/cs\/wp-json\/wp\/v2\/product_tag?post=17856"}],"curies":[{"name":"wp","href":"https:\/\/api.w.org\/{rel}","templated":true}]}}