{"id":17788,"date":"2024-03-08T21:45:49","date_gmt":"2024-03-08T20:45:49","guid":{"rendered":"https:\/\/www.promotio.sk\/shop\/nezaraden\u00e9\/babel\/"},"modified":"2024-03-08T21:47:13","modified_gmt":"2024-03-08T20:47:13","slug":"babel","status":"publish","type":"product","link":"https:\/\/www.promotio.sk\/cs\/shop\/promo-items\/selfcare\/lip_balms-toothbrushs\/babel\/","title":{"rendered":"BABEL"},"content":{"rendered":"<p>Balz\u00e1m na rty s klasick\u00fdm pouzdrem v kovov\u00e9m proveden\u00ed ve tvaru ty\u010dinky. Stylov\u00e1 a praktick\u00e1 volba pro p\u00e9\u010di o rty. Kovov\u00e9 pouzdro dod\u00e1v\u00e1 balz\u00e1mu sofistikovan\u00fd a odoln\u00fd vzhled a chr\u00e1n\u00ed ho p\u0159ed n\u00e1razy a po\u0161kozen\u00edm.<br \/>\nBalz\u00e1m na rty ve tvaru ty\u010dinky zaji\u0161\u0165uje hladkou a rovnom\u011brnou aplikaci, hydratuje a chr\u00e1n\u00ed rty p\u0159ed vysu\u0161en\u00edm a vlivy prost\u0159ed\u00ed. Nav\u00edc tento balz\u00e1m na rty nab\u00edz\u00ed ochranu p\u0159ed sluncem s ochrann\u00fdm faktorem SPF15, kter\u00fd pom\u00e1h\u00e1 p\u0159edch\u00e1zet po\u0161kozen\u00ed zp\u016fsoben\u00e9mu UV z\u00e1\u0159en\u00edm.<br \/>\nKlasick\u00e9 pouzdro s kovovou povrchovou \u00fapravou mu dod\u00e1v\u00e1 n\u00e1dech elegance a umo\u017e\u0148uje v\u00e1m pohodln\u011b nosit balz\u00e1m na rty v ta\u0161ce, kapse nebo kosmetick\u00e9 ta\u0161ti\u010dce, tak\u017ee ho budete m\u00edt v\u017edy po ruce, kdy\u017e ho pot\u0159ebujete.<\/p>","protected":false},"excerpt":{"rendered":"<p>Lip balm with classic case in metallic bar-shaped finish. Stylish and practical option for lip care. The metal case gives<\/p>","protected":false},"featured_media":17789,"comment_status":"open","ping_status":"closed","template":"","meta":[],"product_cat":[401,400],"product_tag":[],"class_list":{"0":"post-17788","1":"product","2":"type-product","3":"status-publish","4":"has-post-thumbnail","6":"product_cat-lip_balms-toothbrushs","7":"product_cat-selfcare","9":"first","10":"instock","11":"shipping-taxable","12":"purchasable","13":"product-type-variable"},"_links":{"self":[{"href":"https:\/\/www.promotio.sk\/cs\/wp-json\/wp\/v2\/product\/17788","targetHints":{"allow":["GET"]}}],"collection":[{"href":"https:\/\/www.promotio.sk\/cs\/wp-json\/wp\/v2\/product"}],"about":[{"href":"https:\/\/www.promotio.sk\/cs\/wp-json\/wp\/v2\/types\/product"}],"replies":[{"embeddable":true,"href":"https:\/\/www.promotio.sk\/cs\/wp-json\/wp\/v2\/comments?post=17788"}],"wp:featuredmedia":[{"embeddable":true,"href":"https:\/\/www.promotio.sk\/cs\/wp-json\/wp\/v2\/media\/17789"}],"wp:attachment":[{"href":"https:\/\/www.promotio.sk\/cs\/wp-json\/wp\/v2\/media?parent=17788"}],"wp:term":[{"taxonomy":"product_cat","embeddable":true,"href":"https:\/\/www.promotio.sk\/cs\/wp-json\/wp\/v2\/product_cat?post=17788"},{"taxonomy":"product_tag","embeddable":true,"href":"https:\/\/www.promotio.sk\/cs\/wp-json\/wp\/v2\/product_tag?post=17788"}],"curies":[{"name":"wp","href":"https:\/\/api.w.org\/{rel}","templated":true}]}}