{"id":17679,"date":"2024-03-08T21:39:31","date_gmt":"2024-03-08T20:39:31","guid":{"rendered":"https:\/\/www.promotio.sk\/shop\/nezaraden\u00e9\/dalic\/"},"modified":"2024-03-08T21:40:43","modified_gmt":"2024-03-08T20:40:43","slug":"dalic","status":"publish","type":"product","link":"https:\/\/www.promotio.sk\/cs\/shop\/promo-items\/sport_leisure\/sport_accessories\/dalic\/","title":{"rendered":"DAL\u00cd\u010c"},"content":{"rendered":"<p>Sportovn\u00ed pinnie z polyesteru 190T. Bo\u010dn\u00ed elastick\u00e9 popruhy se zap\u00edn\u00e1n\u00edm na such\u00fd zip.<br \/>\n<br \/>Slo\u017een\u00ed: Polyester<br \/><img decoding=\"async\" src=\"https:\/\/static.gorfactory.es\/pics\/measures\/PT_HO.jpg\"><\/p>","protected":false},"excerpt":{"rendered":"<p>Sports pinnie in 190T polyester. Side elastic straps with velcro fastening. Composition: Polyester<\/p>","protected":false},"featured_media":17680,"comment_status":"open","ping_status":"closed","template":"","meta":[],"product_cat":[413,412],"product_tag":[],"class_list":{"0":"post-17679","1":"product","2":"type-product","3":"status-publish","4":"has-post-thumbnail","6":"product_cat-sport_accessories","7":"product_cat-sport_leisure","9":"first","10":"instock","11":"shipping-taxable","12":"purchasable","13":"product-type-variable"},"_links":{"self":[{"href":"https:\/\/www.promotio.sk\/cs\/wp-json\/wp\/v2\/product\/17679","targetHints":{"allow":["GET"]}}],"collection":[{"href":"https:\/\/www.promotio.sk\/cs\/wp-json\/wp\/v2\/product"}],"about":[{"href":"https:\/\/www.promotio.sk\/cs\/wp-json\/wp\/v2\/types\/product"}],"replies":[{"embeddable":true,"href":"https:\/\/www.promotio.sk\/cs\/wp-json\/wp\/v2\/comments?post=17679"}],"wp:featuredmedia":[{"embeddable":true,"href":"https:\/\/www.promotio.sk\/cs\/wp-json\/wp\/v2\/media\/17680"}],"wp:attachment":[{"href":"https:\/\/www.promotio.sk\/cs\/wp-json\/wp\/v2\/media?parent=17679"}],"wp:term":[{"taxonomy":"product_cat","embeddable":true,"href":"https:\/\/www.promotio.sk\/cs\/wp-json\/wp\/v2\/product_cat?post=17679"},{"taxonomy":"product_tag","embeddable":true,"href":"https:\/\/www.promotio.sk\/cs\/wp-json\/wp\/v2\/product_tag?post=17679"}],"curies":[{"name":"wp","href":"https:\/\/api.w.org\/{rel}","templated":true}]}}