{"id":17601,"date":"2024-03-08T21:34:56","date_gmt":"2024-03-08T20:34:56","guid":{"rendered":"https:\/\/www.promotio.sk\/shop\/nezaraden\u00e9\/santis\/"},"modified":"2024-03-08T21:35:30","modified_gmt":"2024-03-08T20:35:30","slug":"santis","status":"publish","type":"product","link":"https:\/\/www.promotio.sk\/cs\/shop\/promo-items\/selfcare\/pocket_mirrors\/santis\/","title":{"rendered":"SANTIS"},"content":{"rendered":"<p>The pocket folding mirror made of natural cork with chrome metal finishes is an elegant and sustainable option to always carry with you. This mirror has a square and compact design, perfect to fit in bags, pockets or toiletry bags.<br \/>\nThe mirror is composed of two parts: a normal mirror and a magnifying mirror, which allows you to have different options when it comes to putting on make-up or fixing yourself up. The magnifying mirror gives you a magnified image for more precise detail.<br \/>\nThe natural cork used in the manufacture of the mirror is a sustainable and environmentally friendly material. In addition, the chrome-plated metal finish gives it a touch of elegance and durability.<br \/>Slo\u017een\u00ed: Korek<br \/>Pozn\u00e1mky: Prezentace v eko designov\u00e9 krabi\u010dce.<\/p>","protected":false},"excerpt":{"rendered":"<p>The pocket folding mirror made of natural cork with chrome metal finishes is an elegant and sustainable option to always<\/p>","protected":false},"featured_media":17602,"comment_status":"open","ping_status":"closed","template":"","meta":[],"product_cat":[400,405],"product_tag":[],"class_list":{"0":"post-17601","1":"product","2":"type-product","3":"status-publish","4":"has-post-thumbnail","6":"product_cat-selfcare","7":"product_cat-pocket_mirrors","9":"first","10":"instock","11":"shipping-taxable","12":"purchasable","13":"product-type-variable"},"_links":{"self":[{"href":"https:\/\/www.promotio.sk\/cs\/wp-json\/wp\/v2\/product\/17601","targetHints":{"allow":["GET"]}}],"collection":[{"href":"https:\/\/www.promotio.sk\/cs\/wp-json\/wp\/v2\/product"}],"about":[{"href":"https:\/\/www.promotio.sk\/cs\/wp-json\/wp\/v2\/types\/product"}],"replies":[{"embeddable":true,"href":"https:\/\/www.promotio.sk\/cs\/wp-json\/wp\/v2\/comments?post=17601"}],"wp:featuredmedia":[{"embeddable":true,"href":"https:\/\/www.promotio.sk\/cs\/wp-json\/wp\/v2\/media\/17602"}],"wp:attachment":[{"href":"https:\/\/www.promotio.sk\/cs\/wp-json\/wp\/v2\/media?parent=17601"}],"wp:term":[{"taxonomy":"product_cat","embeddable":true,"href":"https:\/\/www.promotio.sk\/cs\/wp-json\/wp\/v2\/product_cat?post=17601"},{"taxonomy":"product_tag","embeddable":true,"href":"https:\/\/www.promotio.sk\/cs\/wp-json\/wp\/v2\/product_tag?post=17601"}],"curies":[{"name":"wp","href":"https:\/\/api.w.org\/{rel}","templated":true}]}}