{"id":17469,"date":"2024-03-08T21:28:03","date_gmt":"2024-03-08T20:28:03","guid":{"rendered":"https:\/\/www.promotio.sk\/shop\/nezaraden\u00e9\/mesler\/"},"modified":"2024-03-10T09:37:23","modified_gmt":"2024-03-10T08:37:23","slug":"mesler","status":"publish","type":"product","link":"https:\/\/www.promotio.sk\/cs\/shop\/promo-items\/selfcare\/lip_balms-toothbrushs\/mesler\/","title":{"rendered":"MESLER"},"content":{"rendered":"<p>Sada zubn\u00edch kart\u00e1\u010dk\u016f s p\u00edskov\u00fdmi hodinami. Zubn\u00ed kart\u00e1\u010dek v barevn\u00e9m z\u00e1bavn\u00e9m designu a m\u011bkk\u00e9m povrchu s p\u0159\u00edsavkami na z\u00e1kladn\u011b. P\u00edskov\u00e9 hodiny s 2minutov\u00fdm \u010dasov\u00e1n\u00edm. <br \/>Pozn\u00e1mky: Dod\u00e1v\u00e1 se v individu\u00e1ln\u00edm vzduchot\u011bsn\u00e9m obalu.<\/p>","protected":false},"excerpt":{"rendered":"<p>Toothbrush set with sand clock. Toothbrush in colourful fun design and soft touch, with suction pads on the base. 2-minute<\/p>","protected":false},"featured_media":17470,"comment_status":"open","ping_status":"closed","template":"","meta":[],"product_cat":[401,400],"product_tag":[],"class_list":{"0":"post-17469","1":"product","2":"type-product","3":"status-publish","4":"has-post-thumbnail","6":"product_cat-lip_balms-toothbrushs","7":"product_cat-selfcare","9":"first","10":"instock","11":"shipping-taxable","12":"purchasable","13":"product-type-variable"},"_links":{"self":[{"href":"https:\/\/www.promotio.sk\/cs\/wp-json\/wp\/v2\/product\/17469","targetHints":{"allow":["GET"]}}],"collection":[{"href":"https:\/\/www.promotio.sk\/cs\/wp-json\/wp\/v2\/product"}],"about":[{"href":"https:\/\/www.promotio.sk\/cs\/wp-json\/wp\/v2\/types\/product"}],"replies":[{"embeddable":true,"href":"https:\/\/www.promotio.sk\/cs\/wp-json\/wp\/v2\/comments?post=17469"}],"wp:featuredmedia":[{"embeddable":true,"href":"https:\/\/www.promotio.sk\/cs\/wp-json\/wp\/v2\/media\/17470"}],"wp:attachment":[{"href":"https:\/\/www.promotio.sk\/cs\/wp-json\/wp\/v2\/media?parent=17469"}],"wp:term":[{"taxonomy":"product_cat","embeddable":true,"href":"https:\/\/www.promotio.sk\/cs\/wp-json\/wp\/v2\/product_cat?post=17469"},{"taxonomy":"product_tag","embeddable":true,"href":"https:\/\/www.promotio.sk\/cs\/wp-json\/wp\/v2\/product_tag?post=17469"}],"curies":[{"name":"wp","href":"https:\/\/api.w.org\/{rel}","templated":true}]}}