{"id":17406,"date":"2024-03-08T21:24:21","date_gmt":"2024-03-08T20:24:21","guid":{"rendered":"https:\/\/www.promotio.sk\/shop\/nezaraden\u00e9\/columba\/"},"modified":"2024-03-08T21:26:20","modified_gmt":"2024-03-08T20:26:20","slug":"columba","status":"publish","type":"product","link":"https:\/\/www.promotio.sk\/cs\/shop\/promo-items\/sport_leisure\/sport_accessories\/columba\/","title":{"rendered":"COLUMBA"},"content":{"rendered":"<p>Sports backpack in ergonomic design and easy to customize.<br \/>\n\u00b7 Double reinforced shoulder straps and one handle.<br \/>\n\u00b7 Quilted back.<br \/>\n\u00b7 Front shoe compartment.<br \/>\n\u00b7 One main pocket with double puller and a smaller exterior front pocket.<br \/>\n\u00b7 Contrasting zips in grey colour.<br \/>\n\u00b7 Details in black colour.<br \/>Composition: 100% 900D polyester, 420 gsm.<br \/>Pozn\u00e1mky: * Odn\u00edmateln\u00fd \u0161t\u00edtek.<br \/>\n* Vod\u011bodoln\u00fd.<br \/>\n* 30 litres capacity.<\/p>","protected":false},"excerpt":{"rendered":"<p>Sports backpack in ergonomic design and easy to customize. \u00b7 Double reinforced shoulder straps and one handle. \u00b7 Quilted back.<\/p>","protected":false},"featured_media":17407,"comment_status":"open","ping_status":"closed","template":"","meta":[],"product_cat":[413,412],"product_tag":[],"class_list":{"0":"post-17406","1":"product","2":"type-product","3":"status-publish","4":"has-post-thumbnail","6":"product_cat-sport_accessories","7":"product_cat-sport_leisure","9":"first","10":"instock","11":"shipping-taxable","12":"purchasable","13":"product-type-variable"},"_links":{"self":[{"href":"https:\/\/www.promotio.sk\/cs\/wp-json\/wp\/v2\/product\/17406","targetHints":{"allow":["GET"]}}],"collection":[{"href":"https:\/\/www.promotio.sk\/cs\/wp-json\/wp\/v2\/product"}],"about":[{"href":"https:\/\/www.promotio.sk\/cs\/wp-json\/wp\/v2\/types\/product"}],"replies":[{"embeddable":true,"href":"https:\/\/www.promotio.sk\/cs\/wp-json\/wp\/v2\/comments?post=17406"}],"wp:featuredmedia":[{"embeddable":true,"href":"https:\/\/www.promotio.sk\/cs\/wp-json\/wp\/v2\/media\/17407"}],"wp:attachment":[{"href":"https:\/\/www.promotio.sk\/cs\/wp-json\/wp\/v2\/media?parent=17406"}],"wp:term":[{"taxonomy":"product_cat","embeddable":true,"href":"https:\/\/www.promotio.sk\/cs\/wp-json\/wp\/v2\/product_cat?post=17406"},{"taxonomy":"product_tag","embeddable":true,"href":"https:\/\/www.promotio.sk\/cs\/wp-json\/wp\/v2\/product_tag?post=17406"}],"curies":[{"name":"wp","href":"https:\/\/api.w.org\/{rel}","templated":true}]}}