{"id":17335,"date":"2024-03-08T14:59:36","date_gmt":"2024-03-08T13:59:36","guid":{"rendered":"https:\/\/www.promotio.sk\/shop\/nezaraden\u00e9\/festero\/"},"modified":"2024-03-08T15:02:14","modified_gmt":"2024-03-08T14:02:14","slug":"festero","status":"publish","type":"product","link":"https:\/\/www.promotio.sk\/cs\/shop\/promo-items\/party-events\/fans_scarves\/festero\/","title":{"rendered":"FESTERO"},"content":{"rendered":"<p>Unisex scarf in triangular shape used as an accessory in both male and female clothing.<br \/>\nOpat\u0159en\u00ed:<br \/>\n100 x 50 cm. (base width  x  high peak)<br \/>\n100 x 70 x 70 (perimeter)<br \/>Slo\u017een\u00ed: polyester 100%, 60 g\/m\u00b2.<br \/>\n<br \/>Pozn\u00e1mky: *Minim\u00e1ln\u00ed prodejn\u00ed jednotka \u2013 kompletn\u00ed balen\u00ed.<\/p>","protected":false},"excerpt":{"rendered":"<p>Unisex scarf in triangular shape used as an accessory in both male and female clothing. Measures: 100 x 50 cm.<\/p>","protected":false},"featured_media":17336,"comment_status":"open","ping_status":"closed","template":"","meta":[],"product_cat":[380,375],"product_tag":[],"class_list":{"0":"post-17335","1":"product","2":"type-product","3":"status-publish","4":"has-post-thumbnail","6":"product_cat-fans_scarves","7":"product_cat-party-events","9":"first","10":"instock","11":"shipping-taxable","12":"purchasable","13":"product-type-variable"},"_links":{"self":[{"href":"https:\/\/www.promotio.sk\/cs\/wp-json\/wp\/v2\/product\/17335","targetHints":{"allow":["GET"]}}],"collection":[{"href":"https:\/\/www.promotio.sk\/cs\/wp-json\/wp\/v2\/product"}],"about":[{"href":"https:\/\/www.promotio.sk\/cs\/wp-json\/wp\/v2\/types\/product"}],"replies":[{"embeddable":true,"href":"https:\/\/www.promotio.sk\/cs\/wp-json\/wp\/v2\/comments?post=17335"}],"wp:featuredmedia":[{"embeddable":true,"href":"https:\/\/www.promotio.sk\/cs\/wp-json\/wp\/v2\/media\/17336"}],"wp:attachment":[{"href":"https:\/\/www.promotio.sk\/cs\/wp-json\/wp\/v2\/media?parent=17335"}],"wp:term":[{"taxonomy":"product_cat","embeddable":true,"href":"https:\/\/www.promotio.sk\/cs\/wp-json\/wp\/v2\/product_cat?post=17335"},{"taxonomy":"product_tag","embeddable":true,"href":"https:\/\/www.promotio.sk\/cs\/wp-json\/wp\/v2\/product_tag?post=17335"}],"curies":[{"name":"wp","href":"https:\/\/api.w.org\/{rel}","templated":true}]}}