{"id":17145,"date":"2024-03-08T14:41:57","date_gmt":"2024-03-08T13:41:57","guid":{"rendered":"https:\/\/www.promotio.sk\/shop\/nezaraden\u00e9\/party\/"},"modified":"2024-03-08T14:44:18","modified_gmt":"2024-03-08T13:44:18","slug":"party","status":"publish","type":"product","link":"https:\/\/www.promotio.sk\/cs\/shop\/promo-items\/party-events\/exhibitions\/party\/","title":{"rendered":"PARTY"},"content":{"rendered":"<p>Synthetic fibre wristband for events with individual numbering. Presentation in 10-unit sheet.<br \/>Slo\u017een\u00ed: Syntetick\u00e9 vl\u00e1kno.<br \/>Remarks: Minimum sale pack: 1.000 units.<\/p>","protected":false},"excerpt":{"rendered":"<p>Synthetic fibre wristband for events with individual numbering. Presentation in 10-unit sheet.Composition: Synthetic fibre.Remarks: Minimum sale pack: 1.000 units.<\/p>","protected":false},"featured_media":17146,"comment_status":"open","ping_status":"closed","template":"","meta":[],"product_cat":[376,375],"product_tag":[],"class_list":{"0":"post-17145","1":"product","2":"type-product","3":"status-publish","4":"has-post-thumbnail","6":"product_cat-exhibitions","7":"product_cat-party-events","9":"first","10":"instock","11":"shipping-taxable","12":"purchasable","13":"product-type-variable"},"_links":{"self":[{"href":"https:\/\/www.promotio.sk\/cs\/wp-json\/wp\/v2\/product\/17145","targetHints":{"allow":["GET"]}}],"collection":[{"href":"https:\/\/www.promotio.sk\/cs\/wp-json\/wp\/v2\/product"}],"about":[{"href":"https:\/\/www.promotio.sk\/cs\/wp-json\/wp\/v2\/types\/product"}],"replies":[{"embeddable":true,"href":"https:\/\/www.promotio.sk\/cs\/wp-json\/wp\/v2\/comments?post=17145"}],"wp:featuredmedia":[{"embeddable":true,"href":"https:\/\/www.promotio.sk\/cs\/wp-json\/wp\/v2\/media\/17146"}],"wp:attachment":[{"href":"https:\/\/www.promotio.sk\/cs\/wp-json\/wp\/v2\/media?parent=17145"}],"wp:term":[{"taxonomy":"product_cat","embeddable":true,"href":"https:\/\/www.promotio.sk\/cs\/wp-json\/wp\/v2\/product_cat?post=17145"},{"taxonomy":"product_tag","embeddable":true,"href":"https:\/\/www.promotio.sk\/cs\/wp-json\/wp\/v2\/product_tag?post=17145"}],"curies":[{"name":"wp","href":"https:\/\/api.w.org\/{rel}","templated":true}]}}