{"id":17028,"date":"2024-03-08T14:30:17","date_gmt":"2024-03-08T13:30:17","guid":{"rendered":"https:\/\/www.promotio.sk\/shop\/nezaraden\u00e9\/parcha\/"},"modified":"2024-03-08T14:30:57","modified_gmt":"2024-03-08T13:30:57","slug":"parcha","status":"publish","type":"product","link":"https:\/\/www.promotio.sk\/cs\/shop\/promo-items\/mugs-cups-tableware\/mugs\/parcha\/","title":{"rendered":"PARCHA"},"content":{"rendered":"<p>Reusable PLA mug with a 350ml capacity.<br \/>\n<br \/>Slo\u017een\u00ed: PLA<br \/>Pozn\u00e1mky: Nelze m\u00fdt v my\u010dce.<\/p>","protected":false},"excerpt":{"rendered":"<p>Reusable PLA mug with a 350ml capacity. Composition: PLARemarks: Non-dishwasher safe.<\/p>","protected":false},"featured_media":17029,"comment_status":"open","ping_status":"closed","template":"","meta":[],"product_cat":[372,371],"product_tag":[],"class_list":{"0":"post-17028","1":"product","2":"type-product","3":"status-publish","4":"has-post-thumbnail","6":"product_cat-mugs","7":"product_cat-mugs-cups-tableware","9":"first","10":"instock","11":"shipping-taxable","12":"purchasable","13":"product-type-variable"},"_links":{"self":[{"href":"https:\/\/www.promotio.sk\/cs\/wp-json\/wp\/v2\/product\/17028","targetHints":{"allow":["GET"]}}],"collection":[{"href":"https:\/\/www.promotio.sk\/cs\/wp-json\/wp\/v2\/product"}],"about":[{"href":"https:\/\/www.promotio.sk\/cs\/wp-json\/wp\/v2\/types\/product"}],"replies":[{"embeddable":true,"href":"https:\/\/www.promotio.sk\/cs\/wp-json\/wp\/v2\/comments?post=17028"}],"wp:featuredmedia":[{"embeddable":true,"href":"https:\/\/www.promotio.sk\/cs\/wp-json\/wp\/v2\/media\/17029"}],"wp:attachment":[{"href":"https:\/\/www.promotio.sk\/cs\/wp-json\/wp\/v2\/media?parent=17028"}],"wp:term":[{"taxonomy":"product_cat","embeddable":true,"href":"https:\/\/www.promotio.sk\/cs\/wp-json\/wp\/v2\/product_cat?post=17028"},{"taxonomy":"product_tag","embeddable":true,"href":"https:\/\/www.promotio.sk\/cs\/wp-json\/wp\/v2\/product_tag?post=17028"}],"curies":[{"name":"wp","href":"https:\/\/api.w.org\/{rel}","templated":true}]}}