{"id":16918,"date":"2024-03-08T14:18:27","date_gmt":"2024-03-08T13:18:27","guid":{"rendered":"https:\/\/www.promotio.sk\/shop\/nezaraden\u00e9\/damasco\/"},"modified":"2024-03-08T14:19:04","modified_gmt":"2024-03-08T13:19:04","slug":"damasco","status":"publish","type":"product","link":"https:\/\/www.promotio.sk\/cs\/shop\/promo-items\/mugs-cups-tableware\/mugs\/damasco\/","title":{"rendered":"DAMASK"},"content":{"rendered":"<p>Fantastick\u00fd smaltovan\u00fd kovov\u00fd hrnek se st\u0159\u00edbrn\u00fdm okrajem, o objemu 380 ml a speci\u00e1ln\u00ed povrchovou \u00fapravou pro sublimaci, retro styl.<br \/>Slo\u017een\u00ed: Kov<br \/>Pozn\u00e1mky: Prezentace v b\u00edl\u00e9 krabici.<br \/>\nDoporu\u010deno ru\u010dn\u00ed myt\u00ed.<\/p>","protected":false},"excerpt":{"rendered":"<p>Fantastic enamelled metal mug with silver rim, with capacity of 380 ml and special coating for sublimation, retro style.Composition: MetalRemarks:<\/p>","protected":false},"featured_media":16919,"comment_status":"open","ping_status":"closed","template":"","meta":[],"product_cat":[372,371],"product_tag":[],"class_list":{"0":"post-16918","1":"product","2":"type-product","3":"status-publish","4":"has-post-thumbnail","6":"product_cat-mugs","7":"product_cat-mugs-cups-tableware","9":"first","10":"instock","11":"shipping-taxable","12":"purchasable","13":"product-type-variable"},"_links":{"self":[{"href":"https:\/\/www.promotio.sk\/cs\/wp-json\/wp\/v2\/product\/16918","targetHints":{"allow":["GET"]}}],"collection":[{"href":"https:\/\/www.promotio.sk\/cs\/wp-json\/wp\/v2\/product"}],"about":[{"href":"https:\/\/www.promotio.sk\/cs\/wp-json\/wp\/v2\/types\/product"}],"replies":[{"embeddable":true,"href":"https:\/\/www.promotio.sk\/cs\/wp-json\/wp\/v2\/comments?post=16918"}],"wp:featuredmedia":[{"embeddable":true,"href":"https:\/\/www.promotio.sk\/cs\/wp-json\/wp\/v2\/media\/16919"}],"wp:attachment":[{"href":"https:\/\/www.promotio.sk\/cs\/wp-json\/wp\/v2\/media?parent=16918"}],"wp:term":[{"taxonomy":"product_cat","embeddable":true,"href":"https:\/\/www.promotio.sk\/cs\/wp-json\/wp\/v2\/product_cat?post=16918"},{"taxonomy":"product_tag","embeddable":true,"href":"https:\/\/www.promotio.sk\/cs\/wp-json\/wp\/v2\/product_tag?post=16918"}],"curies":[{"name":"wp","href":"https:\/\/api.w.org\/{rel}","templated":true}]}}