{"id":16900,"date":"2024-03-08T14:16:41","date_gmt":"2024-03-08T13:16:41","guid":{"rendered":"https:\/\/www.promotio.sk\/shop\/nezaraden\u00e9\/berry\/"},"modified":"2024-03-08T14:17:21","modified_gmt":"2024-03-08T13:17:21","slug":"berry","status":"publish","type":"product","link":"https:\/\/www.promotio.sk\/cs\/shop\/promo-items\/mugs-cups-tableware\/mugs\/berry\/","title":{"rendered":"BOBULE"},"content":{"rendered":"<p>Keramick\u00fd hrnek Eco line o objemu 370 ml. Matn\u00fd design a bambusov\u00e9 v\u00edko. Je to ide\u00e1ln\u00ed hrnek jako d\u00e1rek.<br \/>Slo\u017een\u00ed: keramika a bambus.<br \/>Pozn\u00e1mky: Dod\u00e1v\u00e1no v kraftov\u00e9 kartonov\u00e9 krabici.<\/p>","protected":false},"excerpt":{"rendered":"<p>Eco line ceramic mug, with a capacity of 370 ml. Matte finish design and bamboo lid. It&#8217;s the perfect mug<\/p>","protected":false},"featured_media":16901,"comment_status":"open","ping_status":"closed","template":"","meta":[],"product_cat":[372,371],"product_tag":[],"class_list":{"0":"post-16900","1":"product","2":"type-product","3":"status-publish","4":"has-post-thumbnail","6":"product_cat-mugs","7":"product_cat-mugs-cups-tableware","9":"first","10":"instock","11":"shipping-taxable","12":"purchasable","13":"product-type-variable"},"_links":{"self":[{"href":"https:\/\/www.promotio.sk\/cs\/wp-json\/wp\/v2\/product\/16900","targetHints":{"allow":["GET"]}}],"collection":[{"href":"https:\/\/www.promotio.sk\/cs\/wp-json\/wp\/v2\/product"}],"about":[{"href":"https:\/\/www.promotio.sk\/cs\/wp-json\/wp\/v2\/types\/product"}],"replies":[{"embeddable":true,"href":"https:\/\/www.promotio.sk\/cs\/wp-json\/wp\/v2\/comments?post=16900"}],"wp:featuredmedia":[{"embeddable":true,"href":"https:\/\/www.promotio.sk\/cs\/wp-json\/wp\/v2\/media\/16901"}],"wp:attachment":[{"href":"https:\/\/www.promotio.sk\/cs\/wp-json\/wp\/v2\/media?parent=16900"}],"wp:term":[{"taxonomy":"product_cat","embeddable":true,"href":"https:\/\/www.promotio.sk\/cs\/wp-json\/wp\/v2\/product_cat?post=16900"},{"taxonomy":"product_tag","embeddable":true,"href":"https:\/\/www.promotio.sk\/cs\/wp-json\/wp\/v2\/product_tag?post=16900"}],"curies":[{"name":"wp","href":"https:\/\/api.w.org\/{rel}","templated":true}]}}