{"id":16492,"date":"2024-03-08T13:35:37","date_gmt":"2024-03-08T12:35:37","guid":{"rendered":"https:\/\/www.promotio.sk\/shop\/nezaraden\u00e9\/lewik\/"},"modified":"2024-03-08T20:20:24","modified_gmt":"2024-03-08T19:20:24","slug":"lewik","status":"publish","type":"product","link":"https:\/\/www.promotio.sk\/cs\/shop\/promo-items\/bottles_thermos_\/bottles\/lewik\/","title":{"rendered":"LEWIK"},"content":{"rendered":"<p>Recycled aluminium bottle with cap and matching carrying strap. 600 ml capacity. Bottle made with ecological material, environmentally conscious.<br \/>Slo\u017een\u00ed: Aluminio Reiclado<br \/>Pozn\u00e1mky: Prezentace v eko designov\u00e9 krabi\u010dce.<\/p>","protected":false},"excerpt":{"rendered":"<p>Recycled aluminium bottle with cap and matching carrying strap. 600 ml capacity. Bottle made with ecological material, environmentally conscious.Composition: Aluminio<\/p>","protected":false},"featured_media":16493,"comment_status":"open","ping_status":"closed","template":"","meta":[],"product_cat":[367,364],"product_tag":[],"class_list":{"0":"post-16492","1":"product","2":"type-product","3":"status-publish","4":"has-post-thumbnail","6":"product_cat-bottles","7":"product_cat-bottles_thermos_","9":"first","10":"instock","11":"shipping-taxable","12":"purchasable","13":"product-type-variable"},"_links":{"self":[{"href":"https:\/\/www.promotio.sk\/cs\/wp-json\/wp\/v2\/product\/16492","targetHints":{"allow":["GET"]}}],"collection":[{"href":"https:\/\/www.promotio.sk\/cs\/wp-json\/wp\/v2\/product"}],"about":[{"href":"https:\/\/www.promotio.sk\/cs\/wp-json\/wp\/v2\/types\/product"}],"replies":[{"embeddable":true,"href":"https:\/\/www.promotio.sk\/cs\/wp-json\/wp\/v2\/comments?post=16492"}],"wp:featuredmedia":[{"embeddable":true,"href":"https:\/\/www.promotio.sk\/cs\/wp-json\/wp\/v2\/media\/16493"}],"wp:attachment":[{"href":"https:\/\/www.promotio.sk\/cs\/wp-json\/wp\/v2\/media?parent=16492"}],"wp:term":[{"taxonomy":"product_cat","embeddable":true,"href":"https:\/\/www.promotio.sk\/cs\/wp-json\/wp\/v2\/product_cat?post=16492"},{"taxonomy":"product_tag","embeddable":true,"href":"https:\/\/www.promotio.sk\/cs\/wp-json\/wp\/v2\/product_tag?post=16492"}],"curies":[{"name":"wp","href":"https:\/\/api.w.org\/{rel}","templated":true}]}}