{"id":16485,"date":"2024-03-08T13:32:49","date_gmt":"2024-03-08T12:32:49","guid":{"rendered":"https:\/\/www.promotio.sk\/shop\/nezaraden\u00e9\/pontal\/"},"modified":"2024-03-08T13:33:48","modified_gmt":"2024-03-08T12:33:48","slug":"pontal","status":"publish","type":"product","link":"https:\/\/www.promotio.sk\/cs\/shop\/promo-items\/mugs-cups-tableware\/mugs\/pontal\/","title":{"rendered":"PONTAL"},"content":{"rendered":"<p>Znovupou\u017eiteln\u00fd kel\u00edmek z odoln\u00e9ho tv\u00e1rn\u00e9ho PP. Objem 500 ml.<br \/>Pozn\u00e1mky: Nelze m\u00fdt v my\u010dce.<\/p>","protected":false},"excerpt":{"rendered":"<p>Reusable cup in resistant ductile PP. 500 ml capacity.Remarks: Non-dishwasher safe.<\/p>","protected":false},"featured_media":16486,"comment_status":"open","ping_status":"closed","template":"","meta":[],"product_cat":[374,372,371],"product_tag":[],"class_list":{"0":"post-16485","1":"product","2":"type-product","3":"status-publish","4":"has-post-thumbnail","6":"product_cat-cups-jars","7":"product_cat-mugs","8":"product_cat-mugs-cups-tableware","10":"first","11":"instock","12":"shipping-taxable","13":"purchasable","14":"product-type-variable"},"_links":{"self":[{"href":"https:\/\/www.promotio.sk\/cs\/wp-json\/wp\/v2\/product\/16485","targetHints":{"allow":["GET"]}}],"collection":[{"href":"https:\/\/www.promotio.sk\/cs\/wp-json\/wp\/v2\/product"}],"about":[{"href":"https:\/\/www.promotio.sk\/cs\/wp-json\/wp\/v2\/types\/product"}],"replies":[{"embeddable":true,"href":"https:\/\/www.promotio.sk\/cs\/wp-json\/wp\/v2\/comments?post=16485"}],"wp:featuredmedia":[{"embeddable":true,"href":"https:\/\/www.promotio.sk\/cs\/wp-json\/wp\/v2\/media\/16486"}],"wp:attachment":[{"href":"https:\/\/www.promotio.sk\/cs\/wp-json\/wp\/v2\/media?parent=16485"}],"wp:term":[{"taxonomy":"product_cat","embeddable":true,"href":"https:\/\/www.promotio.sk\/cs\/wp-json\/wp\/v2\/product_cat?post=16485"},{"taxonomy":"product_tag","embeddable":true,"href":"https:\/\/www.promotio.sk\/cs\/wp-json\/wp\/v2\/product_tag?post=16485"}],"curies":[{"name":"wp","href":"https:\/\/api.w.org\/{rel}","templated":true}]}}