{"id":16402,"date":"2024-03-08T13:18:18","date_gmt":"2024-03-08T12:18:18","guid":{"rendered":"https:\/\/www.promotio.sk\/shop\/nezaraden\u00e9\/tanik\/"},"modified":"2024-03-08T13:19:59","modified_gmt":"2024-03-08T12:19:59","slug":"tanik","status":"publish","type":"product","link":"https:\/\/www.promotio.sk\/cs\/shop\/promo-items\/mugs-cups-tableware\/mugs\/tanik\/","title":{"rendered":"TANIK"},"content":{"rendered":"<p>Double-walled 304 stainless steel thermal cup, it is the perfect choice to keep your drinks hot or cold for longer. With a capacity of 250 ml, it is ideal to take with you on any occasion. The PP lid has an anti-leakage thread and a practical drinking cap, ensuring that there are no accidental spills. Its double-walled build ensures optimal insulation, maintaining the temperature of your drinks without affecting the outside temperature of the bottle. In addition, its rubber non-slip base provides stability and prevents possible slipping. Whether at the office, on a trip or at home, this thermal cup offers you comfort and functionality to enjoy your favourite drinks at any time.<br \/>Slo\u017een\u00ed: Acero inoxidable.<br \/>Pozn\u00e1mky: Presentaci\u00f3n en caja dise\u00f1o.<\/p>","protected":false},"excerpt":{"rendered":"<p>Double-walled 304 stainless steel thermal cup, it is the perfect choice to keep your drinks hot or cold for longer.<\/p>","protected":false},"featured_media":16403,"comment_status":"open","ping_status":"closed","template":"","meta":[],"product_cat":[374,372,371],"product_tag":[],"class_list":{"0":"post-16402","1":"product","2":"type-product","3":"status-publish","4":"has-post-thumbnail","6":"product_cat-cups-jars","7":"product_cat-mugs","8":"product_cat-mugs-cups-tableware","10":"first","11":"instock","12":"shipping-taxable","13":"purchasable","14":"product-type-variable"},"_links":{"self":[{"href":"https:\/\/www.promotio.sk\/cs\/wp-json\/wp\/v2\/product\/16402","targetHints":{"allow":["GET"]}}],"collection":[{"href":"https:\/\/www.promotio.sk\/cs\/wp-json\/wp\/v2\/product"}],"about":[{"href":"https:\/\/www.promotio.sk\/cs\/wp-json\/wp\/v2\/types\/product"}],"replies":[{"embeddable":true,"href":"https:\/\/www.promotio.sk\/cs\/wp-json\/wp\/v2\/comments?post=16402"}],"wp:featuredmedia":[{"embeddable":true,"href":"https:\/\/www.promotio.sk\/cs\/wp-json\/wp\/v2\/media\/16403"}],"wp:attachment":[{"href":"https:\/\/www.promotio.sk\/cs\/wp-json\/wp\/v2\/media?parent=16402"}],"wp:term":[{"taxonomy":"product_cat","embeddable":true,"href":"https:\/\/www.promotio.sk\/cs\/wp-json\/wp\/v2\/product_cat?post=16402"},{"taxonomy":"product_tag","embeddable":true,"href":"https:\/\/www.promotio.sk\/cs\/wp-json\/wp\/v2\/product_tag?post=16402"}],"curies":[{"name":"wp","href":"https:\/\/api.w.org\/{rel}","templated":true}]}}