{"id":16381,"date":"2024-03-08T13:16:06","date_gmt":"2024-03-08T12:16:06","guid":{"rendered":"https:\/\/www.promotio.sk\/shop\/nezaraden\u00e9\/fernet\/"},"modified":"2024-03-08T13:16:38","modified_gmt":"2024-03-08T12:16:38","slug":"fernet","status":"publish","type":"product","link":"https:\/\/www.promotio.sk\/cs\/shop\/promo-items\/mugs-cups-tableware\/mugs\/fernet\/","title":{"rendered":"FERNET"},"content":{"rendered":"<p>\u0160\u00e1lek z nerezov\u00e9 oceli s vn\u011bj\u0161\u00edm m\u011bd\u011bn\u00fdm povlakem je stylov\u00e1 a modern\u00ed volba pro vychutn\u00e1n\u00ed va\u0161ich obl\u00edben\u00fdch n\u00e1poj\u016f. S kapacitou 500 ml v\u00e1m tento \u0161\u00e1lek umo\u017en\u00ed vychutnat si dobr\u00e9 mno\u017estv\u00ed tekutiny, a\u0165 u\u017e jde o k\u00e1vu, \u010daj, vodu nebo jak\u00fdkoli jin\u00fd n\u00e1poj dle va\u0161eho v\u00fdb\u011bru.<br \/>\nVn\u011bj\u0161\u00ed m\u011bd\u011bn\u00fd povlak dod\u00e1v\u00e1 \u0161\u00e1lku v\u00fdrazn\u00fd a atraktivn\u00ed n\u00e1dech a dod\u00e1v\u00e1 jeho vzhledu tepl\u00fd a sofistikovan\u00fd lesk. Nerezov\u00e1 ocel zaji\u0161\u0165uje jeho odolnost a pevnost, d\u00edky \u010demu\u017e je d\u016fv\u011bryhodn\u00fdm spole\u010dn\u00edkem pro v\u0161echny va\u0161e ka\u017edodenn\u00ed aktivity.<br \/>\nHrnek je nav\u00edc dod\u00e1v\u00e1n v designov\u00e9 krabi\u010dce, tak\u017ee je ide\u00e1ln\u00edm d\u00e1rkem pro p\u0159\u00e1tele, rodinu nebo kolegy. Tato elegantn\u00ed a promy\u0161len\u00e1 prezentace dod\u00e1v\u00e1 produktu zvl\u00e1\u0161tn\u00ed n\u00e1dech a ukazuje va\u0161i pozornost k detailu.<br \/>\nA\u0165 u\u017e jej pou\u017e\u00edv\u00e1te doma, v kancel\u00e1\u0159i nebo na cest\u00e1ch, tento hrnek z nerezov\u00e9 oceli pota\u017een\u00fd m\u011bd\u00ed v\u00e1m poskytne jedine\u010dn\u00fd a uspokojiv\u00fd z\u00e1\u017eitek z pit\u00ed. U\u017eijte si kvalitu a styl, kter\u00fd nab\u00edz\u00ed tento \u0161\u00e1lek a p\u0159ekvapte sv\u00e9 bl\u00edzk\u00e9 speci\u00e1ln\u00edm a vkusn\u00fdm d\u00e1rkem.<br \/>Slo\u017een\u00ed: Acero inoxidable.<br \/>Pozn\u00e1mky: Presentaci\u00f3n en caja dise\u00f1o.<\/p>","protected":false},"excerpt":{"rendered":"<p>The stainless steel cup with outer copper coating is a stylish and modern choice for enjoying your favourite drinks. With<\/p>","protected":false},"featured_media":16382,"comment_status":"open","ping_status":"closed","template":"","meta":[],"product_cat":[374,372,371],"product_tag":[],"class_list":{"0":"post-16381","1":"product","2":"type-product","3":"status-publish","4":"has-post-thumbnail","6":"product_cat-cups-jars","7":"product_cat-mugs","8":"product_cat-mugs-cups-tableware","10":"first","11":"instock","12":"shipping-taxable","13":"purchasable","14":"product-type-variable"},"_links":{"self":[{"href":"https:\/\/www.promotio.sk\/cs\/wp-json\/wp\/v2\/product\/16381","targetHints":{"allow":["GET"]}}],"collection":[{"href":"https:\/\/www.promotio.sk\/cs\/wp-json\/wp\/v2\/product"}],"about":[{"href":"https:\/\/www.promotio.sk\/cs\/wp-json\/wp\/v2\/types\/product"}],"replies":[{"embeddable":true,"href":"https:\/\/www.promotio.sk\/cs\/wp-json\/wp\/v2\/comments?post=16381"}],"wp:featuredmedia":[{"embeddable":true,"href":"https:\/\/www.promotio.sk\/cs\/wp-json\/wp\/v2\/media\/16382"}],"wp:attachment":[{"href":"https:\/\/www.promotio.sk\/cs\/wp-json\/wp\/v2\/media?parent=16381"}],"wp:term":[{"taxonomy":"product_cat","embeddable":true,"href":"https:\/\/www.promotio.sk\/cs\/wp-json\/wp\/v2\/product_cat?post=16381"},{"taxonomy":"product_tag","embeddable":true,"href":"https:\/\/www.promotio.sk\/cs\/wp-json\/wp\/v2\/product_tag?post=16381"}],"curies":[{"name":"wp","href":"https:\/\/api.w.org\/{rel}","templated":true}]}}