{"id":16246,"date":"2024-03-08T13:02:26","date_gmt":"2024-03-08T12:02:26","guid":{"rendered":"https:\/\/www.promotio.sk\/shop\/nezaraden\u00e9\/beyron\/"},"modified":"2024-03-08T13:03:34","modified_gmt":"2024-03-08T12:03:34","slug":"beyron","status":"publish","type":"product","link":"https:\/\/www.promotio.sk\/cs\/shop\/promo-items\/mugs-cups-tableware\/mugs\/beyron\/","title":{"rendered":"BEYRON"},"content":{"rendered":"<p>Dvoust\u011bnn\u00e1 kovov\u00e1 sklenice s korkov\u00fdm dnem a pr\u016fhledn\u00fdm bezpe\u010dnostn\u00edm v\u00ed\u010dkem. Kapacita 600 ml. Prezentace v eko boxu.<br \/>Pozn\u00e1mky: Presentaci\u00f3n en caja eco. <\/p>","protected":false},"excerpt":{"rendered":"<p>Double-walled metallic tumbler with cork bottom and transparent safety lid. 600 ml capacity. Presentation in eco box.Remarks: Presentaci\u00f3n en caja<\/p>","protected":false},"featured_media":16247,"comment_status":"open","ping_status":"closed","template":"","meta":[],"product_cat":[372,371],"product_tag":[],"class_list":{"0":"post-16246","1":"product","2":"type-product","3":"status-publish","4":"has-post-thumbnail","6":"product_cat-mugs","7":"product_cat-mugs-cups-tableware","9":"first","10":"instock","11":"shipping-taxable","12":"purchasable","13":"product-type-variable"},"_links":{"self":[{"href":"https:\/\/www.promotio.sk\/cs\/wp-json\/wp\/v2\/product\/16246","targetHints":{"allow":["GET"]}}],"collection":[{"href":"https:\/\/www.promotio.sk\/cs\/wp-json\/wp\/v2\/product"}],"about":[{"href":"https:\/\/www.promotio.sk\/cs\/wp-json\/wp\/v2\/types\/product"}],"replies":[{"embeddable":true,"href":"https:\/\/www.promotio.sk\/cs\/wp-json\/wp\/v2\/comments?post=16246"}],"wp:featuredmedia":[{"embeddable":true,"href":"https:\/\/www.promotio.sk\/cs\/wp-json\/wp\/v2\/media\/16247"}],"wp:attachment":[{"href":"https:\/\/www.promotio.sk\/cs\/wp-json\/wp\/v2\/media?parent=16246"}],"wp:term":[{"taxonomy":"product_cat","embeddable":true,"href":"https:\/\/www.promotio.sk\/cs\/wp-json\/wp\/v2\/product_cat?post=16246"},{"taxonomy":"product_tag","embeddable":true,"href":"https:\/\/www.promotio.sk\/cs\/wp-json\/wp\/v2\/product_tag?post=16246"}],"curies":[{"name":"wp","href":"https:\/\/api.w.org\/{rel}","templated":true}]}}