{"id":16146,"date":"2024-03-08T12:53:09","date_gmt":"2024-03-08T11:53:09","guid":{"rendered":"https:\/\/www.promotio.sk\/shop\/nezaraden\u00e9\/cardif\/"},"modified":"2024-03-08T12:54:42","modified_gmt":"2024-03-08T11:54:42","slug":"cardif","status":"publish","type":"product","link":"https:\/\/www.promotio.sk\/cs\/shop\/promo-items\/mugs-cups-tableware\/mugs\/cardif\/","title":{"rendered":"CARDIF"},"content":{"rendered":"<p>Smaltovan\u00fd kovov\u00fd hrnek v retro stylu. Kapacita 380 ml. Hrnek ve vintage designu se smaltovan\u00fdm povrchem. Vyrobeno z odoln\u00e9ho kovu, je ide\u00e1ln\u00ed pro vychutn\u00e1n\u00ed va\u0161eho obl\u00edben\u00e9ho n\u00e1poje s n\u00e1dechem klasick\u00e9 elegance. Tento hrnek je ide\u00e1ln\u00ed na sn\u00eddani, do kancel\u00e1\u0159e nebo na va\u0161e venkovn\u00ed v\u00fdlety a je ide\u00e1ln\u00edm dopl\u0148kem pro ty, kte\u0159\u00ed oce\u0148uj\u00ed retro estetiku a dlouhotrvaj\u00edc\u00ed kvalitu. <br \/>Slo\u017een\u00ed: Kov<br \/>Pozn\u00e1mky: Presentaci\u00f3n en caja blanca.<\/p>","protected":false},"excerpt":{"rendered":"<p>Retro-style enameled metal mug. 380 ml capacity. Vintage design mug with enamel finish. Made of durable metal, it&#8217;s perfect for<\/p>","protected":false},"featured_media":16147,"comment_status":"open","ping_status":"closed","template":"","meta":[],"product_cat":[372,371],"product_tag":[],"class_list":{"0":"post-16146","1":"product","2":"type-product","3":"status-publish","4":"has-post-thumbnail","6":"product_cat-mugs","7":"product_cat-mugs-cups-tableware","9":"first","10":"instock","11":"shipping-taxable","12":"purchasable","13":"product-type-variable"},"_links":{"self":[{"href":"https:\/\/www.promotio.sk\/cs\/wp-json\/wp\/v2\/product\/16146","targetHints":{"allow":["GET"]}}],"collection":[{"href":"https:\/\/www.promotio.sk\/cs\/wp-json\/wp\/v2\/product"}],"about":[{"href":"https:\/\/www.promotio.sk\/cs\/wp-json\/wp\/v2\/types\/product"}],"replies":[{"embeddable":true,"href":"https:\/\/www.promotio.sk\/cs\/wp-json\/wp\/v2\/comments?post=16146"}],"wp:featuredmedia":[{"embeddable":true,"href":"https:\/\/www.promotio.sk\/cs\/wp-json\/wp\/v2\/media\/16147"}],"wp:attachment":[{"href":"https:\/\/www.promotio.sk\/cs\/wp-json\/wp\/v2\/media?parent=16146"}],"wp:term":[{"taxonomy":"product_cat","embeddable":true,"href":"https:\/\/www.promotio.sk\/cs\/wp-json\/wp\/v2\/product_cat?post=16146"},{"taxonomy":"product_tag","embeddable":true,"href":"https:\/\/www.promotio.sk\/cs\/wp-json\/wp\/v2\/product_tag?post=16146"}],"curies":[{"name":"wp","href":"https:\/\/api.w.org\/{rel}","templated":true}]}}