{"id":16130,"date":"2024-03-08T12:51:39","date_gmt":"2024-03-08T11:51:39","guid":{"rendered":"https:\/\/www.promotio.sk\/shop\/nezaraden\u00e9\/liria\/"},"modified":"2024-03-08T12:52:20","modified_gmt":"2024-03-08T11:52:20","slug":"liria","status":"publish","type":"product","link":"https:\/\/www.promotio.sk\/cs\/shop\/promo-items\/mugs-cups-tableware\/mugs\/liria\/","title":{"rendered":"LIRIA"},"content":{"rendered":"<p>The stainless steel mug with outer copper coating and gold handle is an elegant and sophisticated choice to enjoy your favourite drinks with a capacity of 480 ml. Stainless steel guarantees its durability and strength, while the outer copper coating gives it a distinctive and elegant look.<br \/>\nThe golden handle adds an extra touch of style, allowing you to hold the mug comfortably and with a touch of sophistication.<br \/>\nIn addition, the outer copper coating not only gives it an attractive appearance, but also helps to keep the temperature of your drinks for longer. Whether you want to enjoy a hot drink in winter or cool down with a cold drink in summer, this mug will meet your expectations.<br \/>\n<br \/>Slo\u017een\u00ed: Acero inoxidable.<br \/>Pozn\u00e1mky: Presentaci\u00f3n en caja dise\u00f1o. <\/p>","protected":false},"excerpt":{"rendered":"<p>The stainless steel mug with outer copper coating and gold handle is an elegant and sophisticated choice to enjoy your<\/p>","protected":false},"featured_media":16131,"comment_status":"open","ping_status":"closed","template":"","meta":[],"product_cat":[372,371],"product_tag":[],"class_list":{"0":"post-16130","1":"product","2":"type-product","3":"status-publish","4":"has-post-thumbnail","6":"product_cat-mugs","7":"product_cat-mugs-cups-tableware","9":"first","10":"instock","11":"shipping-taxable","12":"purchasable","13":"product-type-variable"},"_links":{"self":[{"href":"https:\/\/www.promotio.sk\/cs\/wp-json\/wp\/v2\/product\/16130","targetHints":{"allow":["GET"]}}],"collection":[{"href":"https:\/\/www.promotio.sk\/cs\/wp-json\/wp\/v2\/product"}],"about":[{"href":"https:\/\/www.promotio.sk\/cs\/wp-json\/wp\/v2\/types\/product"}],"replies":[{"embeddable":true,"href":"https:\/\/www.promotio.sk\/cs\/wp-json\/wp\/v2\/comments?post=16130"}],"wp:featuredmedia":[{"embeddable":true,"href":"https:\/\/www.promotio.sk\/cs\/wp-json\/wp\/v2\/media\/16131"}],"wp:attachment":[{"href":"https:\/\/www.promotio.sk\/cs\/wp-json\/wp\/v2\/media?parent=16130"}],"wp:term":[{"taxonomy":"product_cat","embeddable":true,"href":"https:\/\/www.promotio.sk\/cs\/wp-json\/wp\/v2\/product_cat?post=16130"},{"taxonomy":"product_tag","embeddable":true,"href":"https:\/\/www.promotio.sk\/cs\/wp-json\/wp\/v2\/product_tag?post=16130"}],"curies":[{"name":"wp","href":"https:\/\/api.w.org\/{rel}","templated":true}]}}