{"id":16096,"date":"2024-03-08T12:48:34","date_gmt":"2024-03-08T11:48:34","guid":{"rendered":"https:\/\/www.promotio.sk\/shop\/nezaraden\u00e9\/lovet\/"},"modified":"2024-03-08T12:49:13","modified_gmt":"2024-03-08T11:49:13","slug":"lovet","status":"publish","type":"product","link":"https:\/\/www.promotio.sk\/cs\/shop\/promo-items\/mugs-cups-tableware\/mugs\/lovet\/","title":{"rendered":"LOVET"},"content":{"rendered":"<p>The matte ceramic mug with a bamboo lid and handle is a stylish and functional choice for enjoying your favourite drinks.<br \/>\nWith a capacity of 350 ml, this mug is perfect for coffee, tea or other hot drinks. Its matte finish gives it a modern and sophisticated look, while the bamboo lid and handle add a natural and sustainable touch. Ideal to keep your drinks warm for longer and to avoid unwanted spills. Enjoy your moments of relaxation with this high-quality ceramic mug.<br \/>Composition: Cer\u00e1mica y bamb\u00fa.<br \/>Pozn\u00e1mky: Presentaci\u00f3n en caja dise\u00f1o eco.<\/p>","protected":false},"excerpt":{"rendered":"<p>The matte ceramic mug with a bamboo lid and handle is a stylish and functional choice for enjoying your favourite<\/p>","protected":false},"featured_media":16097,"comment_status":"open","ping_status":"closed","template":"","meta":[],"product_cat":[372,371],"product_tag":[],"class_list":{"0":"post-16096","1":"product","2":"type-product","3":"status-publish","4":"has-post-thumbnail","6":"product_cat-mugs","7":"product_cat-mugs-cups-tableware","9":"first","10":"instock","11":"shipping-taxable","12":"purchasable","13":"product-type-variable"},"_links":{"self":[{"href":"https:\/\/www.promotio.sk\/cs\/wp-json\/wp\/v2\/product\/16096","targetHints":{"allow":["GET"]}}],"collection":[{"href":"https:\/\/www.promotio.sk\/cs\/wp-json\/wp\/v2\/product"}],"about":[{"href":"https:\/\/www.promotio.sk\/cs\/wp-json\/wp\/v2\/types\/product"}],"replies":[{"embeddable":true,"href":"https:\/\/www.promotio.sk\/cs\/wp-json\/wp\/v2\/comments?post=16096"}],"wp:featuredmedia":[{"embeddable":true,"href":"https:\/\/www.promotio.sk\/cs\/wp-json\/wp\/v2\/media\/16097"}],"wp:attachment":[{"href":"https:\/\/www.promotio.sk\/cs\/wp-json\/wp\/v2\/media?parent=16096"}],"wp:term":[{"taxonomy":"product_cat","embeddable":true,"href":"https:\/\/www.promotio.sk\/cs\/wp-json\/wp\/v2\/product_cat?post=16096"},{"taxonomy":"product_tag","embeddable":true,"href":"https:\/\/www.promotio.sk\/cs\/wp-json\/wp\/v2\/product_tag?post=16096"}],"curies":[{"name":"wp","href":"https:\/\/api.w.org\/{rel}","templated":true}]}}