{"id":16088,"date":"2024-03-08T12:47:22","date_gmt":"2024-03-08T11:47:22","guid":{"rendered":"https:\/\/www.promotio.sk\/shop\/nezaraden\u00e9\/jones\/"},"modified":"2024-03-10T10:19:20","modified_gmt":"2024-03-10T09:19:20","slug":"jones","status":"publish","type":"product","link":"https:\/\/www.promotio.sk\/cs\/shop\/promo-clothing\/visor-caps-hats\/hats\/jones\/","title":{"rendered":"JONES"},"content":{"rendered":"<p>Elegantn\u00ed klobouk se \u0161irokou krempou, kter\u00fd v\u00e1s ochr\u00e1n\u00ed p\u0159ed sluncem, s vnit\u0159n\u00edm potn\u00edm p\u00e1skem pro maxim\u00e1ln\u00ed pohodl\u00ed.<br \/>\n<br \/>Slo\u017een\u00ed: Syntetick\u00fd materi\u00e1l.<br \/>Pozn\u00e1mka: Velikost: 58 \u2013 59 cm.<br \/>\nPohodln\u00fd vnit\u0159n\u00ed pot\u00edtko.<\/p>","protected":false},"excerpt":{"rendered":"<p>Smart wide-brimmed hat to protect you from the sun, with inner sweatband for maximum comfort. Composition: Synthetic material.Remarks: Size: 58<\/p>","protected":false},"featured_media":16089,"comment_status":"open","ping_status":"closed","template":"","meta":[],"product_cat":[377,23,431],"product_tag":[],"class_list":{"0":"post-16088","1":"product","2":"type-product","3":"status-publish","4":"has-post-thumbnail","6":"product_cat-hats","7":"product_cat-promo-clothing","8":"product_cat-visor-caps-hats","10":"first","11":"instock","12":"shipping-taxable","13":"purchasable","14":"product-type-variable"},"_links":{"self":[{"href":"https:\/\/www.promotio.sk\/cs\/wp-json\/wp\/v2\/product\/16088","targetHints":{"allow":["GET"]}}],"collection":[{"href":"https:\/\/www.promotio.sk\/cs\/wp-json\/wp\/v2\/product"}],"about":[{"href":"https:\/\/www.promotio.sk\/cs\/wp-json\/wp\/v2\/types\/product"}],"replies":[{"embeddable":true,"href":"https:\/\/www.promotio.sk\/cs\/wp-json\/wp\/v2\/comments?post=16088"}],"wp:featuredmedia":[{"embeddable":true,"href":"https:\/\/www.promotio.sk\/cs\/wp-json\/wp\/v2\/media\/16089"}],"wp:attachment":[{"href":"https:\/\/www.promotio.sk\/cs\/wp-json\/wp\/v2\/media?parent=16088"}],"wp:term":[{"taxonomy":"product_cat","embeddable":true,"href":"https:\/\/www.promotio.sk\/cs\/wp-json\/wp\/v2\/product_cat?post=16088"},{"taxonomy":"product_tag","embeddable":true,"href":"https:\/\/www.promotio.sk\/cs\/wp-json\/wp\/v2\/product_tag?post=16088"}],"curies":[{"name":"wp","href":"https:\/\/api.w.org\/{rel}","templated":true}]}}