{"id":16077,"date":"2024-03-08T12:46:11","date_gmt":"2024-03-08T11:46:11","guid":{"rendered":"https:\/\/www.promotio.sk\/shop\/nezaraden\u00e9\/beloc\/"},"modified":"2024-03-10T10:18:59","modified_gmt":"2024-03-10T09:18:59","slug":"beloc","status":"publish","type":"product","link":"https:\/\/www.promotio.sk\/cs\/shop\/promo-clothing\/visor-caps-hats\/hats\/beloc\/","title":{"rendered":"BELOC"},"content":{"rendered":"<p>Elegantn\u00ed syntetick\u00e1 \u010depice s vysoce pohodln\u00fdm vnit\u0159n\u00edm potn\u00edm p\u00e1skem.<br \/>Slo\u017een\u00ed: Polyester<br \/>Pozn\u00e1mka: Velikost: 58 \u2013 59 cm.<br \/>\nPohodln\u00fd vnit\u0159n\u00ed pot\u00edtko.<\/p>","protected":false},"excerpt":{"rendered":"<p>Smart synthetic hat with top comfort inner sweatband.Composition: PolyesterRemarks: Size: 58 &#8211; 59 cm. Comfort inner sweatband.<\/p>","protected":false},"featured_media":16078,"comment_status":"open","ping_status":"closed","template":"","meta":[],"product_cat":[377,23,431],"product_tag":[],"class_list":{"0":"post-16077","1":"product","2":"type-product","3":"status-publish","4":"has-post-thumbnail","6":"product_cat-hats","7":"product_cat-promo-clothing","8":"product_cat-visor-caps-hats","10":"first","11":"instock","12":"shipping-taxable","13":"purchasable","14":"product-type-variable"},"_links":{"self":[{"href":"https:\/\/www.promotio.sk\/cs\/wp-json\/wp\/v2\/product\/16077","targetHints":{"allow":["GET"]}}],"collection":[{"href":"https:\/\/www.promotio.sk\/cs\/wp-json\/wp\/v2\/product"}],"about":[{"href":"https:\/\/www.promotio.sk\/cs\/wp-json\/wp\/v2\/types\/product"}],"replies":[{"embeddable":true,"href":"https:\/\/www.promotio.sk\/cs\/wp-json\/wp\/v2\/comments?post=16077"}],"wp:featuredmedia":[{"embeddable":true,"href":"https:\/\/www.promotio.sk\/cs\/wp-json\/wp\/v2\/media\/16078"}],"wp:attachment":[{"href":"https:\/\/www.promotio.sk\/cs\/wp-json\/wp\/v2\/media?parent=16077"}],"wp:term":[{"taxonomy":"product_cat","embeddable":true,"href":"https:\/\/www.promotio.sk\/cs\/wp-json\/wp\/v2\/product_cat?post=16077"},{"taxonomy":"product_tag","embeddable":true,"href":"https:\/\/www.promotio.sk\/cs\/wp-json\/wp\/v2\/product_tag?post=16077"}],"curies":[{"name":"wp","href":"https:\/\/api.w.org\/{rel}","templated":true}]}}