{"id":16061,"date":"2024-03-08T12:44:18","date_gmt":"2024-03-08T11:44:18","guid":{"rendered":"https:\/\/www.promotio.sk\/shop\/nezaraden\u00e9\/gosy\/"},"modified":"2024-03-10T10:20:00","modified_gmt":"2024-03-10T09:20:00","slug":"gosy","status":"publish","type":"product","link":"https:\/\/www.promotio.sk\/cs\/shop\/promo-clothing\/visor-caps-hats\/hats\/gosy\/","title":{"rendered":"GOSY"},"content":{"rendered":"<p>Bavln\u011bn\u00fd p\u00e1sek na \u010depici.<br \/>Slo\u017een\u00ed: Algod\u00f3n<\/p>","protected":false},"excerpt":{"rendered":"<p>Cotton hat band.Composition: Algod\u00f3n<\/p>","protected":false},"featured_media":16062,"comment_status":"open","ping_status":"closed","template":"","meta":[],"product_cat":[377,23,431],"product_tag":[],"class_list":{"0":"post-16061","1":"product","2":"type-product","3":"status-publish","4":"has-post-thumbnail","6":"product_cat-hats","7":"product_cat-promo-clothing","8":"product_cat-visor-caps-hats","10":"first","11":"instock","12":"shipping-taxable","13":"purchasable","14":"product-type-variable"},"_links":{"self":[{"href":"https:\/\/www.promotio.sk\/cs\/wp-json\/wp\/v2\/product\/16061","targetHints":{"allow":["GET"]}}],"collection":[{"href":"https:\/\/www.promotio.sk\/cs\/wp-json\/wp\/v2\/product"}],"about":[{"href":"https:\/\/www.promotio.sk\/cs\/wp-json\/wp\/v2\/types\/product"}],"replies":[{"embeddable":true,"href":"https:\/\/www.promotio.sk\/cs\/wp-json\/wp\/v2\/comments?post=16061"}],"wp:featuredmedia":[{"embeddable":true,"href":"https:\/\/www.promotio.sk\/cs\/wp-json\/wp\/v2\/media\/16062"}],"wp:attachment":[{"href":"https:\/\/www.promotio.sk\/cs\/wp-json\/wp\/v2\/media?parent=16061"}],"wp:term":[{"taxonomy":"product_cat","embeddable":true,"href":"https:\/\/www.promotio.sk\/cs\/wp-json\/wp\/v2\/product_cat?post=16061"},{"taxonomy":"product_tag","embeddable":true,"href":"https:\/\/www.promotio.sk\/cs\/wp-json\/wp\/v2\/product_tag?post=16061"}],"curies":[{"name":"wp","href":"https:\/\/api.w.org\/{rel}","templated":true}]}}