{"id":15864,"date":"2024-03-07T23:22:23","date_gmt":"2024-03-07T22:22:23","guid":{"rendered":"https:\/\/www.promotio.sk\/shop\/nezaraden\u00e9\/broly\/"},"modified":"2024-03-07T23:22:56","modified_gmt":"2024-03-07T22:22:56","slug":"broly","status":"publish","type":"product","link":"https:\/\/www.promotio.sk\/cs\/shop\/promo-items\/bottles_thermos_\/bottles\/broly\/","title":{"rendered":"BROLY"},"content":{"rendered":"<p>Hlin\u00edkov\u00e1 l\u00e1hev s karabinou pro snadn\u00e9 p\u0159en\u00e1\u0161en\u00ed a bambusov\u00fdm v\u00ed\u010dkem. Kapacita 800 ml.<br \/>Slo\u017een\u00ed: Hlin\u00edk<br \/>Pozn\u00e1mky: Prezentace v eko designov\u00e9 krabi\u010dce.<\/p>","protected":false},"excerpt":{"rendered":"<p>Aluminium bottle with carabiner for easy carrying and bamboo lid. 800 ml capacity.Composition: AluminioRemarks: Presentation in eco design box.<\/p>","protected":false},"featured_media":15865,"comment_status":"open","ping_status":"closed","template":"","meta":[],"product_cat":[367,364],"product_tag":[],"class_list":{"0":"post-15864","1":"product","2":"type-product","3":"status-publish","4":"has-post-thumbnail","6":"product_cat-bottles","7":"product_cat-bottles_thermos_","9":"first","10":"instock","11":"shipping-taxable","12":"purchasable","13":"product-type-variable"},"_links":{"self":[{"href":"https:\/\/www.promotio.sk\/cs\/wp-json\/wp\/v2\/product\/15864","targetHints":{"allow":["GET"]}}],"collection":[{"href":"https:\/\/www.promotio.sk\/cs\/wp-json\/wp\/v2\/product"}],"about":[{"href":"https:\/\/www.promotio.sk\/cs\/wp-json\/wp\/v2\/types\/product"}],"replies":[{"embeddable":true,"href":"https:\/\/www.promotio.sk\/cs\/wp-json\/wp\/v2\/comments?post=15864"}],"wp:featuredmedia":[{"embeddable":true,"href":"https:\/\/www.promotio.sk\/cs\/wp-json\/wp\/v2\/media\/15865"}],"wp:attachment":[{"href":"https:\/\/www.promotio.sk\/cs\/wp-json\/wp\/v2\/media?parent=15864"}],"wp:term":[{"taxonomy":"product_cat","embeddable":true,"href":"https:\/\/www.promotio.sk\/cs\/wp-json\/wp\/v2\/product_cat?post=15864"},{"taxonomy":"product_tag","embeddable":true,"href":"https:\/\/www.promotio.sk\/cs\/wp-json\/wp\/v2\/product_tag?post=15864"}],"curies":[{"name":"wp","href":"https:\/\/api.w.org\/{rel}","templated":true}]}}