{"id":15752,"date":"2024-03-07T23:12:46","date_gmt":"2024-03-07T22:12:46","guid":{"rendered":"https:\/\/www.promotio.sk\/shop\/nezaraden\u00e9\/lawas\/"},"modified":"2024-03-07T23:13:26","modified_gmt":"2024-03-07T22:13:26","slug":"lawas","status":"publish","type":"product","link":"https:\/\/www.promotio.sk\/cs\/shop\/promo-items\/bottles_thermos_\/glass_bottles\/lawas\/","title":{"rendered":"LAWAS"},"content":{"rendered":"<p>Sklen\u011bn\u00e1 l\u00e1hev s pl\u00e1\u0161t\u011bm z p\u0159\u00edrodn\u00edho korku. Bambusov\u00e9 v\u00ed\u010dko s praktick\u00fdm uchem pro p\u0159en\u00e1\u0161en\u00ed, tak\u017ee si ji m\u016f\u017eete vz\u00edt kamkoli s sebou. Objem 500 ml.<br \/>Slo\u017een\u00ed: Crista, corcho y bamb\u00fa<br \/>Pozn\u00e1mky: Proti kap\u00e1n\u00ed.<br \/>\nPrezentace v eko designov\u00e9 krabici.<\/p>","protected":false},"excerpt":{"rendered":"<p>Glass bottle with natural cork casing. Bamboo lid with practical carrying handle, so you can take it wherever you want.<\/p>","protected":false},"featured_media":15753,"comment_status":"open","ping_status":"closed","template":"","meta":[],"product_cat":[364,368],"product_tag":[],"class_list":{"0":"post-15752","1":"product","2":"type-product","3":"status-publish","4":"has-post-thumbnail","6":"product_cat-bottles_thermos_","7":"product_cat-glass_bottles","9":"first","10":"instock","11":"shipping-taxable","12":"purchasable","13":"product-type-variable"},"_links":{"self":[{"href":"https:\/\/www.promotio.sk\/cs\/wp-json\/wp\/v2\/product\/15752","targetHints":{"allow":["GET"]}}],"collection":[{"href":"https:\/\/www.promotio.sk\/cs\/wp-json\/wp\/v2\/product"}],"about":[{"href":"https:\/\/www.promotio.sk\/cs\/wp-json\/wp\/v2\/types\/product"}],"replies":[{"embeddable":true,"href":"https:\/\/www.promotio.sk\/cs\/wp-json\/wp\/v2\/comments?post=15752"}],"wp:featuredmedia":[{"embeddable":true,"href":"https:\/\/www.promotio.sk\/cs\/wp-json\/wp\/v2\/media\/15753"}],"wp:attachment":[{"href":"https:\/\/www.promotio.sk\/cs\/wp-json\/wp\/v2\/media?parent=15752"}],"wp:term":[{"taxonomy":"product_cat","embeddable":true,"href":"https:\/\/www.promotio.sk\/cs\/wp-json\/wp\/v2\/product_cat?post=15752"},{"taxonomy":"product_tag","embeddable":true,"href":"https:\/\/www.promotio.sk\/cs\/wp-json\/wp\/v2\/product_tag?post=15752"}],"curies":[{"name":"wp","href":"https:\/\/api.w.org\/{rel}","templated":true}]}}