{"id":15735,"date":"2024-03-07T23:11:23","date_gmt":"2024-03-07T22:11:23","guid":{"rendered":"https:\/\/www.promotio.sk\/shop\/nezaraden\u00e9\/fancy\/"},"modified":"2024-03-07T23:12:44","modified_gmt":"2024-03-07T22:12:44","slug":"fancy","status":"publish","type":"product","link":"https:\/\/www.promotio.sk\/cs\/shop\/promo-items\/bottles_thermos_\/thermos\/fancy\/","title":{"rendered":"OZDOBN\u00dd"},"content":{"rendered":"<p>Fantastic 304 stainless steel thermal bottle, with which to maintain the right temperature of your drinks. Double wall with copper insulation. 500ml capacity. White colour suitable for sublimation. <br \/>Slo\u017een\u00ed: Nerezov\u00e1 ocel.<br \/>Remarks: Thermal capacity: 12 hours hot and 48 hours cold.<br \/>\nProti odkap\u00e1v\u00e1n\u00ed.<br \/>\nPrezentace v designov\u00e9m boxu.<\/p>","protected":false},"excerpt":{"rendered":"<p>Fantastic 304 stainless steel thermal bottle, with which to maintain the right temperature of your drinks. Double wall with copper<\/p>","protected":false},"featured_media":15736,"comment_status":"open","ping_status":"closed","template":"","meta":[],"product_cat":[364,365],"product_tag":[],"class_list":{"0":"post-15735","1":"product","2":"type-product","3":"status-publish","4":"has-post-thumbnail","6":"product_cat-bottles_thermos_","7":"product_cat-thermos","9":"first","10":"instock","11":"shipping-taxable","12":"purchasable","13":"product-type-variable"},"_links":{"self":[{"href":"https:\/\/www.promotio.sk\/cs\/wp-json\/wp\/v2\/product\/15735","targetHints":{"allow":["GET"]}}],"collection":[{"href":"https:\/\/www.promotio.sk\/cs\/wp-json\/wp\/v2\/product"}],"about":[{"href":"https:\/\/www.promotio.sk\/cs\/wp-json\/wp\/v2\/types\/product"}],"replies":[{"embeddable":true,"href":"https:\/\/www.promotio.sk\/cs\/wp-json\/wp\/v2\/comments?post=15735"}],"wp:featuredmedia":[{"embeddable":true,"href":"https:\/\/www.promotio.sk\/cs\/wp-json\/wp\/v2\/media\/15736"}],"wp:attachment":[{"href":"https:\/\/www.promotio.sk\/cs\/wp-json\/wp\/v2\/media?parent=15735"}],"wp:term":[{"taxonomy":"product_cat","embeddable":true,"href":"https:\/\/www.promotio.sk\/cs\/wp-json\/wp\/v2\/product_cat?post=15735"},{"taxonomy":"product_tag","embeddable":true,"href":"https:\/\/www.promotio.sk\/cs\/wp-json\/wp\/v2\/product_tag?post=15735"}],"curies":[{"name":"wp","href":"https:\/\/api.w.org\/{rel}","templated":true}]}}