{"id":15691,"date":"2024-03-07T23:07:49","date_gmt":"2024-03-07T22:07:49","guid":{"rendered":"https:\/\/www.promotio.sk\/shop\/nezaraden\u00e9\/balax\/"},"modified":"2024-03-07T23:09:25","modified_gmt":"2024-03-07T22:09:25","slug":"balax","status":"publish","type":"product","link":"https:\/\/www.promotio.sk\/cs\/shop\/promo-items\/bottles_thermos_\/thermos\/balax\/","title":{"rendered":"BALAX"},"content":{"rendered":"<p>304 stainless steel thermal bottle. Double wall with copper insulation. 550 ml capacity. Presentation in design box. With Balax and its original colours, you will make a difference. White colour suitable for sublimation. <br \/>Slo\u017een\u00ed: nerezov\u00e1 ocel 304.<br \/>Remarks: Thermal capacity: 12 hours hot and 48 hours cold.<br \/>\nProti odkap\u00e1v\u00e1n\u00ed.<br \/>\nPresentation in designer box.<\/p>","protected":false},"excerpt":{"rendered":"<p>304 stainless steel thermal bottle. Double wall with copper insulation. 550 ml capacity. Presentation in design box. With Balax and<\/p>","protected":false},"featured_media":15692,"comment_status":"open","ping_status":"closed","template":"","meta":[],"product_cat":[364,365],"product_tag":[],"class_list":{"0":"post-15691","1":"product","2":"type-product","3":"status-publish","4":"has-post-thumbnail","6":"product_cat-bottles_thermos_","7":"product_cat-thermos","9":"first","10":"instock","11":"shipping-taxable","12":"purchasable","13":"product-type-variable"},"_links":{"self":[{"href":"https:\/\/www.promotio.sk\/cs\/wp-json\/wp\/v2\/product\/15691","targetHints":{"allow":["GET"]}}],"collection":[{"href":"https:\/\/www.promotio.sk\/cs\/wp-json\/wp\/v2\/product"}],"about":[{"href":"https:\/\/www.promotio.sk\/cs\/wp-json\/wp\/v2\/types\/product"}],"replies":[{"embeddable":true,"href":"https:\/\/www.promotio.sk\/cs\/wp-json\/wp\/v2\/comments?post=15691"}],"wp:featuredmedia":[{"embeddable":true,"href":"https:\/\/www.promotio.sk\/cs\/wp-json\/wp\/v2\/media\/15692"}],"wp:attachment":[{"href":"https:\/\/www.promotio.sk\/cs\/wp-json\/wp\/v2\/media?parent=15691"}],"wp:term":[{"taxonomy":"product_cat","embeddable":true,"href":"https:\/\/www.promotio.sk\/cs\/wp-json\/wp\/v2\/product_cat?post=15691"},{"taxonomy":"product_tag","embeddable":true,"href":"https:\/\/www.promotio.sk\/cs\/wp-json\/wp\/v2\/product_tag?post=15691"}],"curies":[{"name":"wp","href":"https:\/\/api.w.org\/{rel}","templated":true}]}}