{"id":15667,"date":"2024-03-07T23:05:53","date_gmt":"2024-03-07T22:05:53","guid":{"rendered":"https:\/\/www.promotio.sk\/shop\/nezaraden\u00e9\/kale\/"},"modified":"2024-03-07T23:06:44","modified_gmt":"2024-03-07T22:06:44","slug":"kale","status":"publish","type":"product","link":"https:\/\/www.promotio.sk\/cs\/shop\/promo-items\/bottles_thermos_\/thermos\/kale\/","title":{"rendered":"KAPUSTA"},"content":{"rendered":"<p>Termol\u00e1hev z nerezov\u00e9 oceli 304 s dvojitou st\u011bnou, ide\u00e1ln\u00ed pro udr\u017een\u00ed studen\u00fdch nebo tepl\u00fdch n\u00e1poj\u016f a jejich vychutn\u00e1n\u00ed po cel\u00fd den. Dno z korku dod\u00e1v\u00e1 l\u00e1hvi p\u0159irozen\u00fd a elegantn\u00ed vzhled. M\u00e1 objem 520 ml.<br \/>\n<br \/>Slo\u017een\u00ed: Nerezov\u00e1 ocel.<br \/>Pozn\u00e1mky: Tepeln\u00e1 kapacita: 6 hodin za tepla a 15 hodin za studena.<br \/>\nProti odkap\u00e1v\u00e1n\u00ed.<br \/>\nPrezentace v designov\u00e9m boxu.<br \/>\nNevhodn\u00e9 do my\u010dky.<\/p>","protected":false},"excerpt":{"rendered":"<p>Thermal 304 stainless steel double wall bottle, ideal to keep your drinks cold or hot to enjoy them throughout the<\/p>","protected":false},"featured_media":15668,"comment_status":"open","ping_status":"closed","template":"","meta":[],"product_cat":[364,365],"product_tag":[],"class_list":{"0":"post-15667","1":"product","2":"type-product","3":"status-publish","4":"has-post-thumbnail","6":"product_cat-bottles_thermos_","7":"product_cat-thermos","9":"first","10":"instock","11":"shipping-taxable","12":"purchasable","13":"product-type-variable"},"_links":{"self":[{"href":"https:\/\/www.promotio.sk\/cs\/wp-json\/wp\/v2\/product\/15667","targetHints":{"allow":["GET"]}}],"collection":[{"href":"https:\/\/www.promotio.sk\/cs\/wp-json\/wp\/v2\/product"}],"about":[{"href":"https:\/\/www.promotio.sk\/cs\/wp-json\/wp\/v2\/types\/product"}],"replies":[{"embeddable":true,"href":"https:\/\/www.promotio.sk\/cs\/wp-json\/wp\/v2\/comments?post=15667"}],"wp:featuredmedia":[{"embeddable":true,"href":"https:\/\/www.promotio.sk\/cs\/wp-json\/wp\/v2\/media\/15668"}],"wp:attachment":[{"href":"https:\/\/www.promotio.sk\/cs\/wp-json\/wp\/v2\/media?parent=15667"}],"wp:term":[{"taxonomy":"product_cat","embeddable":true,"href":"https:\/\/www.promotio.sk\/cs\/wp-json\/wp\/v2\/product_cat?post=15667"},{"taxonomy":"product_tag","embeddable":true,"href":"https:\/\/www.promotio.sk\/cs\/wp-json\/wp\/v2\/product_tag?post=15667"}],"curies":[{"name":"wp","href":"https:\/\/api.w.org\/{rel}","templated":true}]}}