{"id":15473,"date":"2024-03-07T22:40:31","date_gmt":"2024-03-07T21:40:31","guid":{"rendered":"https:\/\/www.promotio.sk\/shop\/nezaraden\u00e9\/vader\/"},"modified":"2024-03-07T22:41:32","modified_gmt":"2024-03-07T21:41:32","slug":"vader","status":"publish","type":"product","link":"https:\/\/www.promotio.sk\/cs\/shop\/promo-items\/bottles_thermos_\/thermos\/vader\/","title":{"rendered":"VADER"},"content":{"rendered":"<p>Termol\u00e1hev z recyklovan\u00e9 nerezov\u00e9 oceli 304 je perfektn\u00ed volbou pro udr\u017een\u00ed tepl\u00fdch nebo studen\u00fdch n\u00e1poj\u016f po cel\u00e9 hodiny. D\u00edky dvojit\u00e9 izola\u010dn\u00ed st\u011bn\u011b efektivn\u011b udr\u017e\u00ed teplotu va\u0161ich n\u00e1poj\u016f. Bambusov\u00e9 v\u00ed\u010dko a korkov\u00e1 z\u00e1kladna j\u00ed dod\u00e1vaj\u00ed p\u0159irozen\u00fd a udr\u017eiteln\u00fd vzhled a z\u00e1rove\u0148 zabra\u0148uj\u00ed uklouznut\u00ed.<br \/>\nS objemem 650 ml je ide\u00e1ln\u00ed pro pou\u017eit\u00ed v pr\u00e1ci, p\u0159i sportu nebo na cest\u00e1ch.<br \/>\nTato l\u00e1hev je vyrobena z vysoce kvalitn\u00ed recyklovan\u00e9 oceli, je odoln\u00e1 a robustn\u00ed. Vychutnejte si sv\u00e9 obl\u00edben\u00e9 n\u00e1poje kdekoli a kdykoli stylov\u011b a bez obav z teploty. Ekologick\u00e1 l\u00e1hev.<br \/>Slo\u017een\u00ed: Acero reciclado inoxidable, bamb\u00fa y corcho.<br \/>Pozn\u00e1mky: Presentaci\u00f3n en caja dise\u00f1o eco.<\/p>","protected":false},"excerpt":{"rendered":"<p>304 Stainless Recycled Steel Thermal Bottle is the perfect choice to keep your drinks cold or hot for hours. With<\/p>","protected":false},"featured_media":15474,"comment_status":"open","ping_status":"closed","template":"","meta":[],"product_cat":[364,365],"product_tag":[],"class_list":{"0":"post-15473","1":"product","2":"type-product","3":"status-publish","4":"has-post-thumbnail","6":"product_cat-bottles_thermos_","7":"product_cat-thermos","9":"first","10":"instock","11":"shipping-taxable","12":"purchasable","13":"product-type-variable"},"_links":{"self":[{"href":"https:\/\/www.promotio.sk\/cs\/wp-json\/wp\/v2\/product\/15473","targetHints":{"allow":["GET"]}}],"collection":[{"href":"https:\/\/www.promotio.sk\/cs\/wp-json\/wp\/v2\/product"}],"about":[{"href":"https:\/\/www.promotio.sk\/cs\/wp-json\/wp\/v2\/types\/product"}],"replies":[{"embeddable":true,"href":"https:\/\/www.promotio.sk\/cs\/wp-json\/wp\/v2\/comments?post=15473"}],"wp:featuredmedia":[{"embeddable":true,"href":"https:\/\/www.promotio.sk\/cs\/wp-json\/wp\/v2\/media\/15474"}],"wp:attachment":[{"href":"https:\/\/www.promotio.sk\/cs\/wp-json\/wp\/v2\/media?parent=15473"}],"wp:term":[{"taxonomy":"product_cat","embeddable":true,"href":"https:\/\/www.promotio.sk\/cs\/wp-json\/wp\/v2\/product_cat?post=15473"},{"taxonomy":"product_tag","embeddable":true,"href":"https:\/\/www.promotio.sk\/cs\/wp-json\/wp\/v2\/product_tag?post=15473"}],"curies":[{"name":"wp","href":"https:\/\/api.w.org\/{rel}","templated":true}]}}