{"id":15434,"date":"2024-03-07T22:37:07","date_gmt":"2024-03-07T21:37:07","guid":{"rendered":"https:\/\/www.promotio.sk\/shop\/nezaraden\u00e9\/dango\/"},"modified":"2024-03-07T22:38:05","modified_gmt":"2024-03-07T21:38:05","slug":"dango","status":"publish","type":"product","link":"https:\/\/www.promotio.sk\/cs\/shop\/promo-items\/bottles_thermos_\/thermos\/dango\/","title":{"rendered":"DANGO"},"content":{"rendered":"<p>Multipurpose 304 stainless steel double wall thermos, ideal for food for both adults and babies or children. Double lid with stainless steel folding spoon included. 450 ml capacity.<br \/>Slo\u017een\u00ed: Acero inoxidable<br \/>Pozn\u00e1mky: Tepeln\u00e1 kapacita: 6 hodin za tepla a 15 hodin za studena.<br \/>\nProti odkap\u00e1v\u00e1n\u00ed.<br \/>\nPrezentace v designov\u00e9m boxu.<br \/>\nNevhodn\u00e9 do my\u010dky.<\/p>","protected":false},"excerpt":{"rendered":"<p>Multipurpose 304 stainless steel double wall thermos, ideal for food for both adults and babies or children. Double lid with<\/p>","protected":false},"featured_media":15435,"comment_status":"open","ping_status":"closed","template":"","meta":[],"product_cat":[364,365],"product_tag":[],"class_list":{"0":"post-15434","1":"product","2":"type-product","3":"status-publish","4":"has-post-thumbnail","6":"product_cat-bottles_thermos_","7":"product_cat-thermos","9":"first","10":"instock","11":"shipping-taxable","12":"purchasable","13":"product-type-variable"},"_links":{"self":[{"href":"https:\/\/www.promotio.sk\/cs\/wp-json\/wp\/v2\/product\/15434","targetHints":{"allow":["GET"]}}],"collection":[{"href":"https:\/\/www.promotio.sk\/cs\/wp-json\/wp\/v2\/product"}],"about":[{"href":"https:\/\/www.promotio.sk\/cs\/wp-json\/wp\/v2\/types\/product"}],"replies":[{"embeddable":true,"href":"https:\/\/www.promotio.sk\/cs\/wp-json\/wp\/v2\/comments?post=15434"}],"wp:featuredmedia":[{"embeddable":true,"href":"https:\/\/www.promotio.sk\/cs\/wp-json\/wp\/v2\/media\/15435"}],"wp:attachment":[{"href":"https:\/\/www.promotio.sk\/cs\/wp-json\/wp\/v2\/media?parent=15434"}],"wp:term":[{"taxonomy":"product_cat","embeddable":true,"href":"https:\/\/www.promotio.sk\/cs\/wp-json\/wp\/v2\/product_cat?post=15434"},{"taxonomy":"product_tag","embeddable":true,"href":"https:\/\/www.promotio.sk\/cs\/wp-json\/wp\/v2\/product_tag?post=15434"}],"curies":[{"name":"wp","href":"https:\/\/api.w.org\/{rel}","templated":true}]}}