{"id":15361,"date":"2024-03-07T22:31:07","date_gmt":"2024-03-07T21:31:07","guid":{"rendered":"https:\/\/www.promotio.sk\/shop\/nezaraden\u00e9\/chito\/"},"modified":"2024-03-07T22:32:41","modified_gmt":"2024-03-07T21:32:41","slug":"chito","status":"publish","type":"product","link":"https:\/\/www.promotio.sk\/cs\/shop\/promo-items\/bottles_thermos_\/bottles\/chito\/","title":{"rendered":"\u010cIT\u00d3"},"content":{"rendered":"<p>Hlin\u00edkov\u00e1 l\u00e1hev s t\u011blem v pevn\u00e9 povrchov\u00e9 \u00faprav\u011b. Objem 680 ml. V\u00ed\u010dko s praktick\u00fdm v\u00fdsuvn\u00fdm hrdlem a rukojet\u00ed pro snadn\u00e9 p\u0159en\u00e1\u0161en\u00ed.<br \/>Slo\u017een\u00ed: Hlin\u00edk a PP.<br \/>Pozn\u00e1mky: Proti kap\u00e1n\u00ed.<br \/>\nPrezentace v designov\u00e9m boxu.<br \/>\nDoporu\u010deno ru\u010dn\u00ed myt\u00ed.<\/p>","protected":false},"excerpt":{"rendered":"<p>Aluminium bottle with body in solid finish. 680 ml capacity. Lid with a practical retractable nozzle and handle for easy<\/p>","protected":false},"featured_media":15362,"comment_status":"open","ping_status":"closed","template":"","meta":[],"product_cat":[367,364],"product_tag":[],"class_list":{"0":"post-15361","1":"product","2":"type-product","3":"status-publish","4":"has-post-thumbnail","6":"product_cat-bottles","7":"product_cat-bottles_thermos_","9":"first","10":"instock","11":"shipping-taxable","12":"purchasable","13":"product-type-variable"},"_links":{"self":[{"href":"https:\/\/www.promotio.sk\/cs\/wp-json\/wp\/v2\/product\/15361","targetHints":{"allow":["GET"]}}],"collection":[{"href":"https:\/\/www.promotio.sk\/cs\/wp-json\/wp\/v2\/product"}],"about":[{"href":"https:\/\/www.promotio.sk\/cs\/wp-json\/wp\/v2\/types\/product"}],"replies":[{"embeddable":true,"href":"https:\/\/www.promotio.sk\/cs\/wp-json\/wp\/v2\/comments?post=15361"}],"wp:featuredmedia":[{"embeddable":true,"href":"https:\/\/www.promotio.sk\/cs\/wp-json\/wp\/v2\/media\/15362"}],"wp:attachment":[{"href":"https:\/\/www.promotio.sk\/cs\/wp-json\/wp\/v2\/media?parent=15361"}],"wp:term":[{"taxonomy":"product_cat","embeddable":true,"href":"https:\/\/www.promotio.sk\/cs\/wp-json\/wp\/v2\/product_cat?post=15361"},{"taxonomy":"product_tag","embeddable":true,"href":"https:\/\/www.promotio.sk\/cs\/wp-json\/wp\/v2\/product_tag?post=15361"}],"curies":[{"name":"wp","href":"https:\/\/api.w.org\/{rel}","templated":true}]}}