{"id":15279,"date":"2024-03-07T22:24:31","date_gmt":"2024-03-07T21:24:31","guid":{"rendered":"https:\/\/www.promotio.sk\/shop\/nezaraden\u00e9\/athletic\/"},"modified":"2024-03-07T22:25:39","modified_gmt":"2024-03-07T21:25:39","slug":"athletic","status":"publish","type":"product","link":"https:\/\/www.promotio.sk\/cs\/shop\/promo-items\/bottles_thermos_\/bottles\/athletic\/","title":{"rendered":"ATLETICK\u00dd"},"content":{"rendered":"<p>Hlin\u00edkov\u00e1 l\u00e1hev s karabinou o objemu 400 ml. P\u0159izp\u016fsobte si l\u00e1hev v jedn\u00e9 z jej\u00edch z\u00e1bavn\u00fdch barev.<br \/>Slo\u017een\u00ed: Hlin\u00edk <br \/>Pozn\u00e1mky: Proti kap\u00e1n\u00ed.<br \/>\nPrezentace v designov\u00e9m boxu.<br \/>\nDoporu\u010deno ru\u010dn\u00ed myt\u00ed.<\/p>","protected":false},"excerpt":{"rendered":"<p>Aluminium bottle with carabiner with a capacity of 400 ml. Personalize the bottle, in one of its fun colours.Composition: Aluminium<\/p>","protected":false},"featured_media":15280,"comment_status":"open","ping_status":"closed","template":"","meta":[],"product_cat":[367,364],"product_tag":[],"class_list":{"0":"post-15279","1":"product","2":"type-product","3":"status-publish","4":"has-post-thumbnail","6":"product_cat-bottles","7":"product_cat-bottles_thermos_","9":"first","10":"instock","11":"shipping-taxable","12":"purchasable","13":"product-type-variable"},"_links":{"self":[{"href":"https:\/\/www.promotio.sk\/cs\/wp-json\/wp\/v2\/product\/15279","targetHints":{"allow":["GET"]}}],"collection":[{"href":"https:\/\/www.promotio.sk\/cs\/wp-json\/wp\/v2\/product"}],"about":[{"href":"https:\/\/www.promotio.sk\/cs\/wp-json\/wp\/v2\/types\/product"}],"replies":[{"embeddable":true,"href":"https:\/\/www.promotio.sk\/cs\/wp-json\/wp\/v2\/comments?post=15279"}],"wp:featuredmedia":[{"embeddable":true,"href":"https:\/\/www.promotio.sk\/cs\/wp-json\/wp\/v2\/media\/15280"}],"wp:attachment":[{"href":"https:\/\/www.promotio.sk\/cs\/wp-json\/wp\/v2\/media?parent=15279"}],"wp:term":[{"taxonomy":"product_cat","embeddable":true,"href":"https:\/\/www.promotio.sk\/cs\/wp-json\/wp\/v2\/product_cat?post=15279"},{"taxonomy":"product_tag","embeddable":true,"href":"https:\/\/www.promotio.sk\/cs\/wp-json\/wp\/v2\/product_tag?post=15279"}],"curies":[{"name":"wp","href":"https:\/\/api.w.org\/{rel}","templated":true}]}}