{"id":15248,"date":"2024-03-07T22:21:59","date_gmt":"2024-03-07T21:21:59","guid":{"rendered":"https:\/\/www.promotio.sk\/shop\/nezaraden\u00e9\/alpinia\/"},"modified":"2024-03-07T22:23:10","modified_gmt":"2024-03-07T21:23:10","slug":"alpinia","status":"publish","type":"product","link":"https:\/\/www.promotio.sk\/cs\/shop\/promo-items\/bottles_thermos_\/bottles\/alpinia\/","title":{"rendered":"ALPINIA"},"content":{"rendered":"<p>304 Stainless Steel Bottle. 700 ml capacity. Fantastic bottle with which to promote your business<br \/>\n<br \/>Slo\u017een\u00ed: Nerezov\u00e1 ocel.<br \/>Pozn\u00e1mky: Proti kap\u00e1n\u00ed.<br \/>\nPrezentace v designov\u00e9m boxu.<\/p>","protected":false},"excerpt":{"rendered":"<p>304 Stainless Steel Bottle. 700 ml capacity. Fantastic bottle with which to promote your business Composition: Stainless steel.Remarks: Anti-drip. Presentation<\/p>","protected":false},"featured_media":15249,"comment_status":"open","ping_status":"closed","template":"","meta":[],"product_cat":[367,364],"product_tag":[],"class_list":{"0":"post-15248","1":"product","2":"type-product","3":"status-publish","4":"has-post-thumbnail","6":"product_cat-bottles","7":"product_cat-bottles_thermos_","9":"first","10":"instock","11":"shipping-taxable","12":"purchasable","13":"product-type-variable"},"_links":{"self":[{"href":"https:\/\/www.promotio.sk\/cs\/wp-json\/wp\/v2\/product\/15248","targetHints":{"allow":["GET"]}}],"collection":[{"href":"https:\/\/www.promotio.sk\/cs\/wp-json\/wp\/v2\/product"}],"about":[{"href":"https:\/\/www.promotio.sk\/cs\/wp-json\/wp\/v2\/types\/product"}],"replies":[{"embeddable":true,"href":"https:\/\/www.promotio.sk\/cs\/wp-json\/wp\/v2\/comments?post=15248"}],"wp:featuredmedia":[{"embeddable":true,"href":"https:\/\/www.promotio.sk\/cs\/wp-json\/wp\/v2\/media\/15249"}],"wp:attachment":[{"href":"https:\/\/www.promotio.sk\/cs\/wp-json\/wp\/v2\/media?parent=15248"}],"wp:term":[{"taxonomy":"product_cat","embeddable":true,"href":"https:\/\/www.promotio.sk\/cs\/wp-json\/wp\/v2\/product_cat?post=15248"},{"taxonomy":"product_tag","embeddable":true,"href":"https:\/\/www.promotio.sk\/cs\/wp-json\/wp\/v2\/product_tag?post=15248"}],"curies":[{"name":"wp","href":"https:\/\/api.w.org\/{rel}","templated":true}]}}