{"id":15234,"date":"2024-03-07T22:20:44","date_gmt":"2024-03-07T21:20:44","guid":{"rendered":"https:\/\/www.promotio.sk\/shop\/nezaraden\u00e9\/eddo\/"},"modified":"2024-03-07T22:21:55","modified_gmt":"2024-03-07T21:21:55","slug":"eddo","status":"publish","type":"product","link":"https:\/\/www.promotio.sk\/cs\/shop\/promo-items\/bottles_thermos_\/bottles\/eddo\/","title":{"rendered":"EDDO"},"content":{"rendered":"<p>Origin\u00e1ln\u00ed lahvi\u010dka o objemu 700 ml v pr\u016fhledn\u00e9 \u00faprav\u011b AS. V\u00edko a z\u00e1kladna z nerezov\u00e9 oceli. P\u0159izp\u016fsobte si ho podle sv\u00e9ho.<br \/>\n<br \/>Slo\u017een\u00ed: Z\u00e1kladna: Nerezov\u00e1 ocel.<br \/>\nT\u011blo: Transparentn\u00ed ABS povrch.<br \/>Pozn\u00e1mky: Proti kap\u00e1n\u00ed.<br \/>\nPrezentace v designov\u00e9m boxu.<br \/>\nNevhodn\u00e9 do my\u010dky.<\/p>","protected":false},"excerpt":{"rendered":"<p>Original 700 ml bottle in transparent AS finish. Stainless steel lid and base. Customize it to your liking. Composition: Base:<\/p>","protected":false},"featured_media":15235,"comment_status":"open","ping_status":"closed","template":"","meta":[],"product_cat":[367,364],"product_tag":[],"class_list":{"0":"post-15234","1":"product","2":"type-product","3":"status-publish","4":"has-post-thumbnail","6":"product_cat-bottles","7":"product_cat-bottles_thermos_","9":"first","10":"instock","11":"shipping-taxable","12":"purchasable","13":"product-type-variable"},"_links":{"self":[{"href":"https:\/\/www.promotio.sk\/cs\/wp-json\/wp\/v2\/product\/15234","targetHints":{"allow":["GET"]}}],"collection":[{"href":"https:\/\/www.promotio.sk\/cs\/wp-json\/wp\/v2\/product"}],"about":[{"href":"https:\/\/www.promotio.sk\/cs\/wp-json\/wp\/v2\/types\/product"}],"replies":[{"embeddable":true,"href":"https:\/\/www.promotio.sk\/cs\/wp-json\/wp\/v2\/comments?post=15234"}],"wp:featuredmedia":[{"embeddable":true,"href":"https:\/\/www.promotio.sk\/cs\/wp-json\/wp\/v2\/media\/15235"}],"wp:attachment":[{"href":"https:\/\/www.promotio.sk\/cs\/wp-json\/wp\/v2\/media?parent=15234"}],"wp:term":[{"taxonomy":"product_cat","embeddable":true,"href":"https:\/\/www.promotio.sk\/cs\/wp-json\/wp\/v2\/product_cat?post=15234"},{"taxonomy":"product_tag","embeddable":true,"href":"https:\/\/www.promotio.sk\/cs\/wp-json\/wp\/v2\/product_tag?post=15234"}],"curies":[{"name":"wp","href":"https:\/\/api.w.org\/{rel}","templated":true}]}}