{"id":15213,"date":"2024-03-07T22:18:57","date_gmt":"2024-03-07T21:18:57","guid":{"rendered":"https:\/\/www.promotio.sk\/shop\/nezaraden\u00e9\/camu\/"},"modified":"2024-03-07T22:20:42","modified_gmt":"2024-03-07T21:20:42","slug":"camu","status":"publish","type":"product","link":"https:\/\/www.promotio.sk\/cs\/shop\/promo-items\/bottles_thermos_\/glass_bottles\/camu\/","title":{"rendered":"CAMU"},"content":{"rendered":"<p>Glass bottle with 500 ml capacity, and casing made of neoprene, combined with a color carrying strap.<br \/>Composition: Glass<br \/>Remarks: The case is made of softshell<br \/>\nStainless steel lid (the outer layer) .<br \/>\nProti odkap\u00e1v\u00e1n\u00ed.<br \/>\nPrezentace v designov\u00e9m boxu.<\/p>","protected":false},"excerpt":{"rendered":"<p>Glass bottle with 500 ml capacity, and casing made of neoprene, combined with a color carrying strap.Composition: GlassRemarks: The case<\/p>","protected":false},"featured_media":15214,"comment_status":"open","ping_status":"closed","template":"","meta":[],"product_cat":[364,368],"product_tag":[],"class_list":{"0":"post-15213","1":"product","2":"type-product","3":"status-publish","4":"has-post-thumbnail","6":"product_cat-bottles_thermos_","7":"product_cat-glass_bottles","9":"first","10":"instock","11":"shipping-taxable","12":"purchasable","13":"product-type-variable"},"_links":{"self":[{"href":"https:\/\/www.promotio.sk\/cs\/wp-json\/wp\/v2\/product\/15213","targetHints":{"allow":["GET"]}}],"collection":[{"href":"https:\/\/www.promotio.sk\/cs\/wp-json\/wp\/v2\/product"}],"about":[{"href":"https:\/\/www.promotio.sk\/cs\/wp-json\/wp\/v2\/types\/product"}],"replies":[{"embeddable":true,"href":"https:\/\/www.promotio.sk\/cs\/wp-json\/wp\/v2\/comments?post=15213"}],"wp:featuredmedia":[{"embeddable":true,"href":"https:\/\/www.promotio.sk\/cs\/wp-json\/wp\/v2\/media\/15214"}],"wp:attachment":[{"href":"https:\/\/www.promotio.sk\/cs\/wp-json\/wp\/v2\/media?parent=15213"}],"wp:term":[{"taxonomy":"product_cat","embeddable":true,"href":"https:\/\/www.promotio.sk\/cs\/wp-json\/wp\/v2\/product_cat?post=15213"},{"taxonomy":"product_tag","embeddable":true,"href":"https:\/\/www.promotio.sk\/cs\/wp-json\/wp\/v2\/product_tag?post=15213"}],"curies":[{"name":"wp","href":"https:\/\/api.w.org\/{rel}","templated":true}]}}