{"id":15182,"date":"2024-03-07T22:16:24","date_gmt":"2024-03-07T21:16:24","guid":{"rendered":"https:\/\/www.promotio.sk\/shop\/nezaraden\u00e9\/kinkan\/"},"modified":"2024-03-07T22:17:50","modified_gmt":"2024-03-07T21:17:50","slug":"kinkan","status":"publish","type":"product","link":"https:\/\/www.promotio.sk\/cs\/shop\/promo-items\/bottles_thermos_\/bottles\/kinkan\/","title":{"rendered":"KINKAN"},"content":{"rendered":"<p>Translucent-coloured tritan bottle with matching cap and integrated carrying handle. 650 ml capacity. It comes in a wide variety of colours.<br \/>Composition: Tritan and PP.<br \/>Pozn\u00e1mky: Proti kap\u00e1n\u00ed.<br \/>\nPrezentace v designov\u00e9m boxu.<br \/>\n***Hand wash only***<\/p>","protected":false},"excerpt":{"rendered":"<p>Translucent-coloured tritan bottle with matching cap and integrated carrying handle. 650 ml capacity. It comes in a wide variety of<\/p>","protected":false},"featured_media":15183,"comment_status":"open","ping_status":"closed","template":"","meta":[],"product_cat":[367,364],"product_tag":[],"class_list":{"0":"post-15182","1":"product","2":"type-product","3":"status-publish","4":"has-post-thumbnail","6":"product_cat-bottles","7":"product_cat-bottles_thermos_","9":"first","10":"instock","11":"shipping-taxable","12":"purchasable","13":"product-type-variable"},"_links":{"self":[{"href":"https:\/\/www.promotio.sk\/cs\/wp-json\/wp\/v2\/product\/15182","targetHints":{"allow":["GET"]}}],"collection":[{"href":"https:\/\/www.promotio.sk\/cs\/wp-json\/wp\/v2\/product"}],"about":[{"href":"https:\/\/www.promotio.sk\/cs\/wp-json\/wp\/v2\/types\/product"}],"replies":[{"embeddable":true,"href":"https:\/\/www.promotio.sk\/cs\/wp-json\/wp\/v2\/comments?post=15182"}],"wp:featuredmedia":[{"embeddable":true,"href":"https:\/\/www.promotio.sk\/cs\/wp-json\/wp\/v2\/media\/15183"}],"wp:attachment":[{"href":"https:\/\/www.promotio.sk\/cs\/wp-json\/wp\/v2\/media?parent=15182"}],"wp:term":[{"taxonomy":"product_cat","embeddable":true,"href":"https:\/\/www.promotio.sk\/cs\/wp-json\/wp\/v2\/product_cat?post=15182"},{"taxonomy":"product_tag","embeddable":true,"href":"https:\/\/www.promotio.sk\/cs\/wp-json\/wp\/v2\/product_tag?post=15182"}],"curies":[{"name":"wp","href":"https:\/\/api.w.org\/{rel}","templated":true}]}}