{"id":15140,"date":"2024-03-07T22:12:59","date_gmt":"2024-03-07T21:12:59","guid":{"rendered":"https:\/\/www.promotio.sk\/shop\/nezaraden\u00e9\/kumat\/"},"modified":"2024-03-07T22:14:41","modified_gmt":"2024-03-07T21:14:41","slug":"kumat","status":"publish","type":"product","link":"https:\/\/www.promotio.sk\/cs\/shop\/promo-items\/bottles_thermos_\/sports_bottles\/kumat\/","title":{"rendered":"KUMAT"},"content":{"rendered":"<p>Sports bottle with 840 ml. capacity. Black screw cap with dispenser and body available in several solid colours.<br \/>\n<br \/>Slo\u017een\u00ed: Plast<br \/>Pozn\u00e1mky: Nelze m\u00fdt v my\u010dce.<\/p>","protected":false},"excerpt":{"rendered":"<p>Sports bottle with 840 ml. capacity. Black screw cap with dispenser and body available in several solid colours. Composition: PlasticRemarks:<\/p>","protected":false},"featured_media":15141,"comment_status":"open","ping_status":"closed","template":"","meta":[],"product_cat":[364,366],"product_tag":[],"class_list":{"0":"post-15140","1":"product","2":"type-product","3":"status-publish","4":"has-post-thumbnail","6":"product_cat-bottles_thermos_","7":"product_cat-sports_bottles","9":"first","10":"instock","11":"shipping-taxable","12":"purchasable","13":"product-type-variable"},"_links":{"self":[{"href":"https:\/\/www.promotio.sk\/cs\/wp-json\/wp\/v2\/product\/15140","targetHints":{"allow":["GET"]}}],"collection":[{"href":"https:\/\/www.promotio.sk\/cs\/wp-json\/wp\/v2\/product"}],"about":[{"href":"https:\/\/www.promotio.sk\/cs\/wp-json\/wp\/v2\/types\/product"}],"replies":[{"embeddable":true,"href":"https:\/\/www.promotio.sk\/cs\/wp-json\/wp\/v2\/comments?post=15140"}],"wp:featuredmedia":[{"embeddable":true,"href":"https:\/\/www.promotio.sk\/cs\/wp-json\/wp\/v2\/media\/15141"}],"wp:attachment":[{"href":"https:\/\/www.promotio.sk\/cs\/wp-json\/wp\/v2\/media?parent=15140"}],"wp:term":[{"taxonomy":"product_cat","embeddable":true,"href":"https:\/\/www.promotio.sk\/cs\/wp-json\/wp\/v2\/product_cat?post=15140"},{"taxonomy":"product_tag","embeddable":true,"href":"https:\/\/www.promotio.sk\/cs\/wp-json\/wp\/v2\/product_tag?post=15140"}],"curies":[{"name":"wp","href":"https:\/\/api.w.org\/{rel}","templated":true}]}}